{"id":51,"date":"2023-04-04T11:05:22","date_gmt":"2023-04-04T09:05:22","guid":{"rendered":"http:\/\/soswketrzyn.pl\/?page_id=51"},"modified":"2023-04-04T11:05:23","modified_gmt":"2023-04-04T09:05:23","slug":"deklaracja-dostepnosci","status":"publish","type":"page","link":"https:\/\/soswketrzyn.pl\/index.php\/deklaracja-dostepnosci\/","title":{"rendered":"Deklaracja dost\u0119pno\u015bci"},"content":{"rendered":"\n<p><strong>DEKLARACJA DOST\u0118PNO\u015aCI SERWISU<\/strong><\/p>\n\n\n\n<p><strong>INTERNETOWEGO<\/strong><\/p>\n\n\n\n<p>Specjalny O\u015brodek Szkolno-Wychowawczy im. \u015bw. Jana Paw\u0142a II w K\u0119trzynie \u2013 Klonowa 2b, 11-400 K\u0119trzyn \u2013 zobowi\u0105zuje si\u0119 zapewni\u0107 dost\u0119pno\u015b\u0107 strony internetowej Specjalnego O\u015brodka Szkolno-Wychowawczego im. \u015bw. Jana Paw\u0142a II w K\u0119trzynie zgodnie z ustaw\u0105 z dnia 4 kwietnia 2019 r. o dost\u0119pno\u015bci cyfrowej stron internetowych i aplikacji mobilnych podmiot\u00f3w publicznych. O\u015bwiadczenie w sprawie dost\u0119pno\u015bci ma zastosowanie do serwisu internetowego www.soswketrzyn.edupage.org<\/p>\n\n\n\n<p>Data publikacji strony internetowej: 1.09.2013 r.<\/p>\n\n\n\n<p>Data ostatniej istotnej aktualizacji: 1.09.2019 r.<\/p>\n\n\n\n<p><strong><em><u>Status pod wzgl\u0119dem dost\u0119pno\u015bci:<\/u><\/em><\/strong><\/p>\n\n\n\n<p>Strona internetowa jest cz\u0119\u015bciowo zgodna z ustaw\u0105 z dnia 4 kwietnia 2019 r. o dost\u0119pno\u015bci cyfrowej stron internetowych i aplikacji mobilnych podmiot\u00f3w publicznych z powodu niezgodno\u015bci lub wy\u0142\u0105cze\u0144 wymienionych poni\u017cej:<\/p>\n\n\n\n<ul class=\"wp-block-list\">\n<li>informacje zamieszczone w formie za\u0142\u0105cznik\u00f3w nie s\u0105 dost\u0119pne cyfrowo w ca\u0142o\u015bci, cz\u0119\u015b\u0107 z nich pochodzi od podmiot\u00f3w zewn\u0119trznych i zosta\u0142y przekazane do publikacji wy\u0142\u0105cznie w postaci papierowej wymagaj\u0105cej przetworzenia do postaci elektronicznej (skany);<\/li>\n\n\n\n<li>niekt\u00f3re informacje opublikowane przed dniem wej\u015bcia i po wej\u015bciu w \u017cycie wy\u017cej wskazanej ustawy zamieszczone w formie artyku\u0142\u00f3w lub za\u0142\u0105cznik\u00f3w nie s\u0105 dost\u0119pne cyfrowo w ca\u0142o\u015bci, jednak b\u0119d\u0105 sukcesywnie przetwarzane do tej postaci;<\/li>\n\n\n\n<li>cz\u0119\u015b\u0107 odno\u015bnik\u00f3w mo\u017ce nie by\u0107 wyr\u00f3\u017cniona.<\/li>\n<\/ul>\n\n\n\n<p><strong><em><u>Wy\u0142\u0105czenia:<\/u><\/em><\/strong><\/p>\n\n\n\n<ul class=\"wp-block-list\">\n<li>&nbsp;&nbsp;&nbsp;&nbsp;mapy s\u0105 wy\u0142\u0105czone z obowi\u0105zku zapewnienia dost\u0119pno\u015bci;<\/li>\n\n\n\n<li>cz\u0119\u015b\u0107 plik\u00f3w zosta\u0142a opublikowana przed wej\u015bciem w \u017cycie ustawy o dost\u0119pno\u015bci cyfrowej lub nie s\u0105 wykorzystywane do realizacji bie\u017c\u0105cych zada\u0144.<\/li>\n<\/ul>\n\n\n\n<p>Dok\u0142ada si\u0119 wszelkich stara\u0144, aby na bie\u017c\u0105co usuwa\u0107 stwierdzone bariery na stronie internetowej www.soswketrzyn.edupage.org<\/p>\n\n\n\n<p>Niniejsze o\u015bwiadczenie sporz\u0105dzono dnia 8.03.2023 r.<\/p>\n\n\n\n<p>Deklaracj\u0119 sporz\u0105dzono na podstawie samooceny przeprowadzonej przez podmiot publiczny oraz skorzystano z dost\u0119pnego narz\u0119dzia do oceny strony: Test-European Internet Inclusion Initiative (http:\/\/checkers.eiii.eu\/), z kt\u00f3rego wynika, ze strona www.soswketrzyn.edupage.org spe\u0142nia wymagania w 96,31 %<\/p>\n\n\n\n<p>O\u015bwiadczenie zosta\u0142o ostatnio poddane przegl\u0105dowi w dniu 8.03.2023 r.<\/p>\n\n\n\n<p>Na stronie internetowej mo\u017cna u\u017cywa\u0107 standardowych skr\u00f3t\u00f3w klawiaturowych przegl\u0105darki.<\/p>\n\n\n\n<p><strong><em><u>Informacje zwrotne i dane kontaktowe:<\/u><\/em><\/strong><\/p>\n\n\n\n<p>W przypadku problem\u00f3w z dost\u0119pno\u015bci\u0105 strony internetowej prosimy o kontakt z osob\u0105 kontaktow\u0105, kt\u00f3r\u0105 jest koordynator ds. dost\u0119pno\u015bci w Starostwie Powiatowym w K\u0119trzynie i powiatowych jednostkach organizacyjnych.<\/p>\n\n\n\n<p>Kontakt: Starostwo Powiatowe w K\u0119trzynie, Plac Grunwaldzki 1, 11-400 K\u0119trzyn, tel. 89 751 17 57, e-mail: rafal.jakubczak@starostwo.ketrzyn.pl<\/p>\n\n\n\n<p>T\u0105 sam\u0105 drog\u0105 mo\u017cna sk\u0142ada\u0107 wnioski o udost\u0119pnienie informacji niedost\u0119pnej oraz sk\u0142ada\u0107 \u017c\u0105dania zapewnienia dost\u0119pno\u015bci.<\/p>\n\n\n\n<p>Ka\u017cdy ma prawo do wyst\u0105pienia z \u017c\u0105daniem zapewnienia dost\u0119pno\u015bci cyfrowej strony internetowej. Mo\u017cna tak\u017ce za\u017c\u0105da\u0107 udost\u0119pnienia informacji w formach alternatywnych, na przyk\u0142ad przez odczytanie niedost\u0119pnego cyfrowo dokumentu, opisania zawarto\u015bci filmu bez audiodeskrypcji itp. \u017b\u0105danie powinno zawiera\u0107 dane osoby zg\u0142aszaj\u0105cej \u017c\u0105danie, wskazanie kt\u00f3rego elementu strony internetowej dotyczy oraz spos\u00f3b kontaktu. Je\u017celi osoba \u017c\u0105daj\u0105ca zg\u0142asza potrzeb\u0119 otrzymania informacji za pomoc\u0105 alternatywnego sposobu dost\u0119pu, powinna tak\u017ce okre\u015bli\u0107 dogodny spos\u00f3b przedstawienia tej informacji.<\/p>\n\n\n\n<p>Podmiot publiczny powinien zrealizowa\u0107 \u017c\u0105danie niezw\u0142ocznie, nie p\u00f3\u017aniej ni\u017c w ci\u0105gu 7 dni od dnia wyst\u0105pienia z \u017c\u0105daniem. Je\u017celi dotrzymanie tego terminu nie jest mo\u017cliwe, podmiot publiczny niezw\u0142ocznie informuje o tym wnosz\u0105cego \u017c\u0105danie z informacj\u0105 o terminie realizacji, przy czym termin ten nie mo\u017ce by\u0107 d\u0142u\u017cszy ni\u017c 2 miesi\u0105ce od dnia wyst\u0105pienia z \u017c\u0105daniem. Je\u017celi zapewnienie dost\u0119pno\u015bci cyfrowej nie jest mo\u017cliwe, podmiot publiczny mo\u017ce zaproponowa\u0107 alternatywny spos\u00f3b dost\u0119pu do informacji.<\/p>\n\n\n\n<p>W przypadku gdy podmiot odm\u00f3wi realizacji \u017c\u0105dania zapewnienia dost\u0119pno\u015bci lub alternatywnego dost\u0119pu do informacji, mo\u017cna z\u0142o\u017cy\u0107 skarg\u0119 na takie dzia\u0142anie. Po wyczerpaniu wskazanej wy\u017cej procedury mo\u017cna tak\u017ce z\u0142o\u017cy\u0107 wniosek do Rzecznika Praw Obywatelskich.<\/p>\n\n\n\n<p>Link do Rzecznika Praw Obywatelskich:&nbsp;<a href=\"https:\/\/www.rpo.gov.pl\/\">https:\/\/www.rpo.gov.pl\/<\/a><\/p>\n\n\n\n<p><strong><em>STATUS DOST\u0118PNO\u015aCI ARCHITEKTONICZNEJ:<\/em><\/strong><\/p>\n\n\n\n<p>Do budynku prowadz\u0105 cztery wej\u015bcia: pierwsze wej\u015bcie (g\u0142\u00f3wne) od ulicy, od strony Klonowej 2b, drugie, trzecie&nbsp; i czwarte wej\u015bcie od strony dziedzi\u0144ca\/parkingu (poprzez klatk\u0119 schodow\u0105). Poza tym do budynku mo\u017cna si\u0119 dosta\u0107 przy pomocy windy, kt\u00f3ra znajduje si\u0119 przy 2 wej\u015bciu.<\/p>\n\n\n\n<p>Od strony Klonowej (wej\u015bcie g\u0142\u00f3wne) barier\u0105 dla os\u00f3b z niepe\u0142nosprawno\u015bci\u0105 ruchow\u0105 (na w\u00f3zkach) s\u0105 schody. Przy schodach jest zainstalowana platforma do przemieszczania si\u0119 os\u00f3b niepe\u0142nosprawnych ruchowo. Drzwi wej\u015bciowe nie s\u0105 rozsuwane. W tym wypadku nie wyst\u0119puj\u0119 bariery architektoniczne.<\/p>\n\n\n\n<p>Nad wej\u015bciem nie ma g\u0142o\u015bnik\u00f3w systemu naprowadzaj\u0105cego d\u017awi\u0119kowo osoby niewidome i s\u0142abowidz\u0105ce ani informacji o dost\u0119pnym wej\u015bciu dostosowanym dla os\u00f3b niepe\u0142nosprawnych na w\u00f3zku. Chodnik jest dostosowany, przy wje\u017adzie do windy oraz wej\u015bciach do budynku, nie ma kraw\u0119\u017cnika Brak jest dostosowania dost\u0119pno\u015bci chodnika przy tym wej\u015bciu z parkingu przed budynkiem (wysoki kraw\u0119\u017cnik).<\/p>\n\n\n\n<p>Dla os\u00f3b na w\u00f3zkach przeznaczone jest i dost\u0119pne wej\u015bcie g\u0142\u00f3wne do budynku od strony Klonowej, z zainstalowan\u0105 platform\u0105 do przemieszczania si\u0119 wzd\u0142u\u017c schod\u00f3w os\u00f3b niepe\u0142nosprawnych oraz od strony dziedzi\u0144ca \u2013 bezpo\u015brednie wej\u015bcie do windy osobowej.<\/p>\n\n\n\n<p>Korytarze s\u0105 dost\u0119pne dla os\u00f3b na w\u00f3zkach od parteru oraz pozosta\u0142ych poziom\u00f3w budynku (pierwsze, drugie ). Dost\u0119pno\u015b\u0107 dzi\u0119ki windzie osobowej.<\/p>\n\n\n\n<p>Na parkingu przed wej\u015bciem 2 i wej\u015bciem do windy wyznaczone s\u0105 2 miejsca parkingowe dla os\u00f3b niepe\u0142nosprawnych.&nbsp; Przed wej\u015bciem g\u0142\u00f3wnym nie ma \u017cadnego.<\/p>\n\n\n\n<p>Do budynku i wszystkich jego pomieszcze\u0144 mo\u017cna wej\u015b\u0107 z psem asystuj\u0105cym i psem przewodnikiem.<\/p>\n\n\n\n<p>W budynku jest winda.<\/p>\n\n\n\n<p><strong><em>DOST\u0118PNO\u015a\u0106 KOMUNIKACYJNO \u2013 INFORMACYJNA<\/em><\/strong><\/p>\n\n\n\n<p>W budynku nie ma p\u0119tli indukcyjnych. (przesy\u0142a d\u017awi\u0119k bezpo\u015brednio do aparatu s\u0142uchowego osoby s\u0142abos\u0142ysz\u0105cej).<\/p>\n\n\n\n<p>W budynku nie ma oznacze\u0144 w alfabecie Braille\u2019a ani oznacze\u0144 kontrastowych lub w druku powi\u0119kszonym dla os\u00f3b niewidomych i s\u0142abowidz\u0105cych. W budynku pomieszczenia s\u0105 oznaczone napisami oraz symbolami PCS.<\/p>\n\n\n\n<p>T\u0142umacz j\u0119zyka migowego \u2013 w budynku nie ma mo\u017cliwo\u015bci komunikowania si\u0119 za pomoc\u0105 j\u0119zyka migowego.<\/p>\n\n\n\n<p>Zgodnie z ustaw\u0105 z dnia 19 sierpnia 2011 roku o j\u0119zyku migowym i innych \u015brodkach komunikowania si\u0119 osoby do\u015bwiadczaj\u0105ce trwale lub okresowo trudno\u015bci w komunikowaniu si\u0119 (osoby g\u0142uche i g\u0142uchonieme) mog\u0105 komunikowa\u0107 si\u0119 ze Starostwem Powiatowym w K\u0119trzynie za pomoc\u0105:<\/p>\n\n\n\n<p>\u2022 poczty elektronicznej \u2013 sekretariat@soswketrzyn.pl;<\/p>\n\n\n\n<p>\u2022 przesy\u0142ania wiadomo\u015bci tekstowych, w tym z wykorzystaniem komunikatora internetowego na stronie www.soswketrzyn.edupage.org w zak\u0142adce \u201eFacebook\u201d;<\/p>\n\n\n\n<p>\u2022 faksu \u2013 numer 89 751 23 55.<\/p>\n\n\n\n<p><strong>UWAGA!<\/strong><\/p>\n\n\n\n<p>W przypadku korzystania przez osoby uprawnione z pomocy tzw. osoby przybranej, czyli osoby, kt\u00f3ra uko\u0144czy\u0142a 16 lat i zosta\u0142a wybrana przez osob\u0119 uprawnion\u0105 w celu u\u0142atwienia porozumiewania si\u0119 z osob\u0105 uprawnion\u0105 i udzielenia jej pomocy w za\u0142atwieniu spraw, wizyta w SOSW w K\u0119trzynie nie musi by\u0107 wcze\u015bniej uzgadniana.<\/p>\n","protected":false},"excerpt":{"rendered":"<p>DEKLARACJA DOST\u0118PNO\u015aCI SERWISU INTERNETOWEGO Specjalny O\u015brodek Szkolno-Wychowawczy im. \u015bw. Jana Paw\u0142a II w K\u0119trzynie \u2013 Klonowa 2b, 11-400 K\u0119trzyn \u2013 &hellip; <\/p>\n","protected":false},"author":1,"featured_media":0,"parent":0,"menu_order":0,"comment_status":"closed","ping_status":"closed","template":"","meta":{"footnotes":""},"class_list":["post-51","page","type-page","status-publish","hentry"],"_links":{"self":[{"href":"https:\/\/soswketrzyn.pl\/index.php\/wp-json\/wp\/v2\/pages\/51"}],"collection":[{"href":"https:\/\/soswketrzyn.pl\/index.php\/wp-json\/wp\/v2\/pages"}],"about":[{"href":"https:\/\/soswketrzyn.pl\/index.php\/wp-json\/wp\/v2\/types\/page"}],"author":[{"embeddable":true,"href":"https:\/\/soswketrzyn.pl\/index.php\/wp-json\/wp\/v2\/users\/1"}],"replies":[{"embeddable":true,"href":"https:\/\/soswketrzyn.pl\/index.php\/wp-json\/wp\/v2\/comments?post=51"}],"version-history":[{"count":1,"href":"https:\/\/soswketrzyn.pl\/index.php\/wp-json\/wp\/v2\/pages\/51\/revisions"}],"predecessor-version":[{"id":52,"href":"https:\/\/soswketrzyn.pl\/index.php\/wp-json\/wp\/v2\/pages\/51\/revisions\/52"}],"wp:attachment":[{"href":"https:\/\/soswketrzyn.pl\/index.php\/wp-json\/wp\/v2\/media?parent=51"}],"curies":[{"name":"wp","href":"https:\/\/api.w.org\/{rel}","templated":true}]}}