{"id":294,"date":"2023-04-27T16:07:42","date_gmt":"2023-04-27T14:07:42","guid":{"rendered":"http:\/\/soswketrzyn.pl\/?page_id=294"},"modified":"2025-10-02T13:42:28","modified_gmt":"2025-10-02T11:42:28","slug":"samorzad-uczniowski","status":"publish","type":"page","link":"https:\/\/soswketrzyn.pl\/index.php\/samorzad-uczniowski\/","title":{"rendered":"Samorz\u0105d uczniowski"},"content":{"rendered":"\n<figure class=\"wp-block-image size-full\"><img loading=\"lazy\" decoding=\"async\" width=\"465\" height=\"450\" src=\"https:\/\/soswketrzyn.pl\/wp-content\/uploads\/2023\/05\/su.jpg\" alt=\"\" class=\"wp-image-338\" srcset=\"https:\/\/soswketrzyn.pl\/wp-content\/uploads\/2023\/05\/su.jpg 465w, https:\/\/soswketrzyn.pl\/wp-content\/uploads\/2023\/05\/su-300x290.jpg 300w\" sizes=\"(max-width: 465px) 100vw, 465px\" \/><\/figure>\n\n\n\n<p>W Specjalnym O\u015brodku Szkolno \u2013 Wychowawczym w K\u0119trzynie dzia\u0142a Samorz\u0105d Uczniowski. Samorz\u0105d Uczniowski tworz\u0105 uczniowie wszystkich klas. W poszczeg\u00f3lnych klasach s\u0105 tworzone samorz\u0105dy klasowe, kt\u00f3rych cz\u0142onkami s\u0105 uczniowie danej klasy. Samorz\u0105d wybierany jest przez uczni\u00f3w w demokratycznych wyborach. Dzia\u0142alno\u015b\u0107 Samorz\u0105du Uczniowskiego zapewnia mo\u017cliwo\u015b\u0107 wsp\u00f3\u0142uczestniczenia w jego przedsi\u0119wzi\u0119ciach wszystkim uczniom O\u015brodka.<\/p>\n\n\n\n<p><strong>Cele i zadania Samorz\u0105du Uczniowskiego<\/strong><\/p>\n\n\n\n<ul class=\"wp-block-list\">\n<li>wsp\u00f3\u0142organizowanie \u017cycia kulturalnego szko\u0142y,<\/li>\n\n\n\n<li>organizowanie samopomocy i innych akcji na rzecz dzieci\/zwierz\u0105tpotrzebuj\u0105cych wsparcia<\/li>\n\n\n\n<li>&nbsp;&nbsp;zach\u0119cenie uczni\u00f3w do samodzielnej, tw\u00f3rczej pracy i reprezentowaniedobrego imienia szko\u0142y,&nbsp;<\/li>\n\n\n\n<li>prowadzenie dzia\u0142alno\u015bci informacyjnej z wykorzystaniem tablicy informacyjnej Samorz\u0105du Uczniowskiego<\/li>\n\n\n\n<li>organizowanie dnia praw i obowi\u0105zk\u00f3w ucznia,<\/li>\n\n\n\n<li>reprezentowanie interes\u00f3w ucznia w razie potrzeby<\/li>\n\n\n\n<li>uczenie si\u0119 odpowiedzialno\u015bci, rozumienie odr\u0119bno\u015bci przekona\u0144, tolerancji<\/li>\n\n\n\n<li>uczenie si\u0119 demokratycznych form wsp\u00f3\u0142\u017cycia<\/li>\n\n\n\n<li>kszta\u0142towanie pozytywnych postaw spo\u0142ecznych<\/li>\n<\/ul>\n\n\n\n<p>Opiekunami Samorz\u0105du Uczniowskiego s\u0105 nauczyciele zaakceptowani przez Dyrektora O\u015brodka. Dzia\u0142ania programowe proponowane s\u0105 i realizowane we wsp\u00f3\u0142pracy z opiekunami Samorz\u0105du.<\/p>\n\n\n\n<p>Jak co roku we wrze\u015bniu odby\u0142a si\u0119 kampania wyborcza kandydat\u00f3w do Samorz\u0105du Uczniowskiego. Ukoronowaniem akcji wyborczej by\u0142y wybory, kt\u00f3re w g\u0142osowaniu tajnym wy\u0142oni\u0142y samorz\u0105dow\u0105 rad\u0119 szko\u0142y.<\/p>\n\n\n\n<p>W wyniku g\u0142osowania wy\u0142oni\u0142 si\u0119 sk\u0142ad Samorz\u0105du Uczniowskiego na rok szkolny 2025-2026:<\/p>\n\n\n\n<p>Przewodnicz\u0105cy: Wojtek Dziosa<\/p>\n\n\n\n<p>Zast\u0119pca Przewodnicz\u0105cego: Wiktor Budzy\u0144ski<\/p>\n\n\n\n<p>Skarbnik: R\u00f3\u017ca Deptu\u0142a<\/p>\n\n\n\n<p><\/p>\n","protected":false},"excerpt":{"rendered":"<p>W Specjalnym O\u015brodku Szkolno \u2013 Wychowawczym w K\u0119trzynie dzia\u0142a Samorz\u0105d Uczniowski. Samorz\u0105d Uczniowski tworz\u0105 uczniowie wszystkich klas. W poszczeg\u00f3lnych klasach &hellip; <\/p>\n","protected":false},"author":1,"featured_media":0,"parent":0,"menu_order":0,"comment_status":"closed","ping_status":"closed","template":"","meta":{"footnotes":""},"class_list":["post-294","page","type-page","status-publish","hentry"],"_links":{"self":[{"href":"https:\/\/soswketrzyn.pl\/index.php\/wp-json\/wp\/v2\/pages\/294"}],"collection":[{"href":"https:\/\/soswketrzyn.pl\/index.php\/wp-json\/wp\/v2\/pages"}],"about":[{"href":"https:\/\/soswketrzyn.pl\/index.php\/wp-json\/wp\/v2\/types\/page"}],"author":[{"embeddable":true,"href":"https:\/\/soswketrzyn.pl\/index.php\/wp-json\/wp\/v2\/users\/1"}],"replies":[{"embeddable":true,"href":"https:\/\/soswketrzyn.pl\/index.php\/wp-json\/wp\/v2\/comments?post=294"}],"version-history":[{"count":5,"href":"https:\/\/soswketrzyn.pl\/index.php\/wp-json\/wp\/v2\/pages\/294\/revisions"}],"predecessor-version":[{"id":1482,"href":"https:\/\/soswketrzyn.pl\/index.php\/wp-json\/wp\/v2\/pages\/294\/revisions\/1482"}],"wp:attachment":[{"href":"https:\/\/soswketrzyn.pl\/index.php\/wp-json\/wp\/v2\/media?parent=294"}],"curies":[{"name":"wp","href":"https:\/\/api.w.org\/{rel}","templated":true}]}}