{"id":26,"date":"2023-04-04T10:01:52","date_gmt":"2023-04-04T08:01:52","guid":{"rendered":"http:\/\/soswketrzyn.pl\/?page_id=26"},"modified":"2024-09-23T14:34:16","modified_gmt":"2024-09-23T12:34:16","slug":"kontakt","status":"publish","type":"page","link":"https:\/\/soswketrzyn.pl\/index.php\/kontakt\/","title":{"rendered":"Kontakt"},"content":{"rendered":"\n<p><strong>Specjalny O\u015brodek Szkolno-Wychowawczy im. \u015bw. Jana Paw\u0142a II w K\u0119trzynie<\/strong><br><strong>11-400 K\u0119trzyn, Ul. Klonowa 2B<\/strong><br><br>E-mail: <strong>sekretariat@soswketrzyn.pl<\/strong><br>Telefon: <strong>897512355.<br>     (+48)786866815<\/strong><br><strong><br><\/strong>DYREKTOR O\u015aRODKA: <strong>mgr Aneta Dunaj<br><\/strong><em>przyjmuje interesant\u00f3w w poniedzia\u0142ki w godzinach od 8.00 do 10.00<\/em><br><br>WICEDYREKTOR O\u015aRODKA: <strong>mgr Dorota Korneluk<\/strong><br><br>KIEROWNIK INTERNATU: <strong>mgr Zofia Polito <br><\/strong><br>PSYCHOLOG: <strong>mgr Ewa Gadomska-Oleszkiewicz<br><\/strong><em>poniedzia\u0142ek 10.45 &#8211; 15.45<br>wtorek 8.30 &#8211; 11.30<br>\u015broda 15.00 &#8211; 17.00<br>czwartek 8.30 &#8211; 17.00<br>pi\u0105tek 8.00 &#8211; 13.00<\/em><\/p>\n\n\n\n<p>PEDAGOG: <strong>mgr Agata Wojnowska<br><\/strong><em>poniedzia\u0142ek 9.00 &#8211; 15.00<br>wtorek 11.30 &#8211; 16.00<br>\u015broda 7.30 &#8211; 12.00<br>czwartek 12.30 &#8211; 15.00<br>pi\u0105tek 7.30 &#8211; 10.00<\/em><\/p>\n\n\n\n<p><\/p>\n","protected":false},"excerpt":{"rendered":"<p>Specjalny O\u015brodek Szkolno-Wychowawczy im. \u015bw. Jana Paw\u0142a II w K\u0119trzynie11-400 K\u0119trzyn, Ul. Klonowa 2B E-mail: sekretariat@soswketrzyn.plTelefon: 897512355. (+48)786866815DYREKTOR O\u015aRODKA: mgr &hellip; <\/p>\n","protected":false},"author":1,"featured_media":0,"parent":0,"menu_order":0,"comment_status":"closed","ping_status":"closed","template":"","meta":{"footnotes":""},"class_list":["post-26","page","type-page","status-publish","hentry"],"_links":{"self":[{"href":"https:\/\/soswketrzyn.pl\/index.php\/wp-json\/wp\/v2\/pages\/26"}],"collection":[{"href":"https:\/\/soswketrzyn.pl\/index.php\/wp-json\/wp\/v2\/pages"}],"about":[{"href":"https:\/\/soswketrzyn.pl\/index.php\/wp-json\/wp\/v2\/types\/page"}],"author":[{"embeddable":true,"href":"https:\/\/soswketrzyn.pl\/index.php\/wp-json\/wp\/v2\/users\/1"}],"replies":[{"embeddable":true,"href":"https:\/\/soswketrzyn.pl\/index.php\/wp-json\/wp\/v2\/comments?post=26"}],"version-history":[{"count":6,"href":"https:\/\/soswketrzyn.pl\/index.php\/wp-json\/wp\/v2\/pages\/26\/revisions"}],"predecessor-version":[{"id":830,"href":"https:\/\/soswketrzyn.pl\/index.php\/wp-json\/wp\/v2\/pages\/26\/revisions\/830"}],"wp:attachment":[{"href":"https:\/\/soswketrzyn.pl\/index.php\/wp-json\/wp\/v2\/media?parent=26"}],"curies":[{"name":"wp","href":"https:\/\/api.w.org\/{rel}","templated":true}]}}