{"id":234,"date":"2023-04-27T12:26:09","date_gmt":"2023-04-27T10:26:09","guid":{"rendered":"http:\/\/soswketrzyn.pl\/?page_id=234"},"modified":"2023-04-27T12:32:04","modified_gmt":"2023-04-27T10:32:04","slug":"procedury-bezpieczenstwa","status":"publish","type":"page","link":"https:\/\/soswketrzyn.pl\/index.php\/procedury-bezpieczenstwa\/","title":{"rendered":"Procedury bezpiecze\u0144stwa"},"content":{"rendered":"\n<p>PROCEDURY ORGANIZACJI WCZESNEGO WSPOMAGANIA W SPECJALNYM O\u015aRODKU SZKOLNO &#8211; WYCHOWAWCZYM im. \u015bw. JANA PAW\u0141A II W K\u0118TRZYNIE<\/p>\n\n\n\n<div class=\"wp-block-file\"><a id=\"wp-block-file--media-afdeea9f-d7dd-4956-900a-22ee2545d8b1\" href=\"https:\/\/soswketrzyn.pl\/wp-content\/uploads\/2023\/04\/POCEDURY_ORGANIZACJI_WCZESNEGO_WSPOMAGANIA_W_SPECJALNYM_OSRODKU_SZKOLNO.docx\">POCEDURY_ORGANIZACJI_WCZESNEGO_WSPOMAGANIA_W_SPECJALNYM_OSRODKU_SZKOLNO<\/a><a href=\"https:\/\/soswketrzyn.pl\/wp-content\/uploads\/2023\/04\/POCEDURY_ORGANIZACJI_WCZESNEGO_WSPOMAGANIA_W_SPECJALNYM_OSRODKU_SZKOLNO.docx\" class=\"wp-block-file__button wp-element-button\" download aria-describedby=\"wp-block-file--media-afdeea9f-d7dd-4956-900a-22ee2545d8b1\">Pobierz<\/a><\/div>\n\n\n\n<p>PROCEDURY POST\u0118POWANIA KADRY PEDAGOGICZNEJ SPECJALNEGO O\u015aRODKA SZKOLNO &#8211; WYCHOWAWCZEGO im. \u015bw. JANA PAW\u0141A II W K\u0118TRZYNIE W SYTUACJACH ZAGRO\u017bENIA BEZPIECZE\u0143STWA WYCHOWANK\u00d3W<\/p>\n\n\n\n<div class=\"wp-block-file\"><a id=\"wp-block-file--media-7e79f92a-579e-4510-836b-c0a04fddeede\" href=\"https:\/\/soswketrzyn.pl\/wp-content\/uploads\/2023\/04\/PROCEDURY_bezpieczenstwa.docx\">PROCEDURY_bezpieczenstwa<\/a><a href=\"https:\/\/soswketrzyn.pl\/wp-content\/uploads\/2023\/04\/PROCEDURY_bezpieczenstwa.docx\" class=\"wp-block-file__button wp-element-button\" download aria-describedby=\"wp-block-file--media-7e79f92a-579e-4510-836b-c0a04fddeede\">Pobierz<\/a><\/div>\n","protected":false},"excerpt":{"rendered":"<p>PROCEDURY ORGANIZACJI WCZESNEGO WSPOMAGANIA W SPECJALNYM O\u015aRODKU SZKOLNO &#8211; WYCHOWAWCZYM im. \u015bw. JANA PAW\u0141A II W K\u0118TRZYNIE PROCEDURY POST\u0118POWANIA KADRY &hellip; <\/p>\n","protected":false},"author":1,"featured_media":0,"parent":0,"menu_order":0,"comment_status":"closed","ping_status":"closed","template":"","meta":{"footnotes":""},"class_list":["post-234","page","type-page","status-publish","hentry"],"_links":{"self":[{"href":"https:\/\/soswketrzyn.pl\/index.php\/wp-json\/wp\/v2\/pages\/234"}],"collection":[{"href":"https:\/\/soswketrzyn.pl\/index.php\/wp-json\/wp\/v2\/pages"}],"about":[{"href":"https:\/\/soswketrzyn.pl\/index.php\/wp-json\/wp\/v2\/types\/page"}],"author":[{"embeddable":true,"href":"https:\/\/soswketrzyn.pl\/index.php\/wp-json\/wp\/v2\/users\/1"}],"replies":[{"embeddable":true,"href":"https:\/\/soswketrzyn.pl\/index.php\/wp-json\/wp\/v2\/comments?post=234"}],"version-history":[{"count":2,"href":"https:\/\/soswketrzyn.pl\/index.php\/wp-json\/wp\/v2\/pages\/234\/revisions"}],"predecessor-version":[{"id":241,"href":"https:\/\/soswketrzyn.pl\/index.php\/wp-json\/wp\/v2\/pages\/234\/revisions\/241"}],"wp:attachment":[{"href":"https:\/\/soswketrzyn.pl\/index.php\/wp-json\/wp\/v2\/media?parent=234"}],"curies":[{"name":"wp","href":"https:\/\/api.w.org\/{rel}","templated":true}]}}