{"id":130,"date":"2023-04-05T10:31:11","date_gmt":"2023-04-05T08:31:11","guid":{"rendered":"http:\/\/soswketrzyn.pl\/?page_id=130"},"modified":"2024-10-25T08:38:55","modified_gmt":"2024-10-25T06:38:55","slug":"rekrutacja-nabor-do-szkoly","status":"publish","type":"page","link":"https:\/\/soswketrzyn.pl\/index.php\/rekrutacja-nabor-do-szkoly\/","title":{"rendered":"Rekrutacja &#8211; nab\u00f3r do szko\u0142y"},"content":{"rendered":"\n<p>K\u0119trzyn, 19.04.2024r.<\/p>\n\n\n\n<p><strong>KRYTERIA&nbsp; NABORU<\/strong><\/p>\n\n\n\n<p><strong>do Bran\u017cowej Szko\u0142y Specjalnej I Stopnia<\/strong> <strong>w Specjalnym O\u015brodku Szkolno<\/strong>&#8211;<strong>Wychowawczym im. \u015bw. Jana Paw\u0142a II<\/strong> <strong>w K\u0119trzynie na rok szkolny 2024\/2025.<\/strong><\/p>\n\n\n\n<p><strong>Opracowane na podstawie &nbsp;Na podstawie&nbsp; art. 154 ust. 2 ustawy z dnia 14 grudnia 2016 r. Prawo o\u015bwiatowe (Dz.U.2023.900 t.j. z dnia 2023.05.12), w zwi\u0105zku z \u00a7 10, 11 Rozporz\u0105dzenia Ministra Edukacji i Nauki z dnia 18 listopada 2022 r. w sprawie przeprowadzania post\u0119powania rekrutacyjnego oraz post\u0119powania uzupe\u0142niaj\u0105cego do publicznych przedszkoli, szk\u00f3\u0142, plac\u00f3wek i centr\u00f3w (Dz.U.2022.2431 z dnia 2022.11.25) oraz na podstawie zarz\u0105dzenia nr 3 Warmi\u0144sko \u2013 Mazurskiego Kuratora O\u015bwiaty z dnia 30 stycznia 2024 r. w sprawie okre\u015blenia termin\u00f3w przeprowadzania post\u0119powania rekrutacyjnego i post\u0119powania uzupe\u0142niaj\u0105cego, w tym termin\u00f3w sk\u0142adania dokument\u00f3w, na rok szkolny 2024\/2025 na terenie wojew\u00f3dztwa warmi\u0144sko-mazurskiego, za\u0142\u0105cznika nr 1 do ww. Zarz\u0105dzenia oraz Zarz\u0105dzenie Nr 9 Warmi\u0144sko-Mazurskiego Kuratora O\u015bwiaty Z dnia 27 lutego 2024 r. w sprawie wykazu zawod\u00f3w wiedzy, artystycznych i sportowych,&nbsp; organizowanych przez Warmi\u0144sko-Mazurskiego Kuratora O\u015bwiaty lub inne podmioty dzia\u0142aj\u0105ce na terenie szko\u0142y, kt\u00f3re mog\u0105 by\u0107 wymienione na \u015bwiadectwie uko\u0144czenia szko\u0142y podstawowej oraz okre\u015blenia miejsc uznanych za wysokie w tych zawodach i za\u0142\u0105cznika nr 1 do wy\u017cej wymienionego Zarz\u0105dzenia.<\/strong><\/p>\n\n\n\n<ol class=\"wp-block-list\">\n<li><strong>Ustala \u00a0si\u0119 \u00a0nast\u0119puj\u0105ce terminy rekrutacji do klasy I Bran\u017cowej Szko\u0142y<\/strong><\/li>\n<\/ol>\n\n\n\n<p><strong>&nbsp;&nbsp;&nbsp;&nbsp; &nbsp;Specjalnej I Stopnia &nbsp;oraz terminy sk\u0142adania dokument\u00f3w na rok szkolny<\/strong><\/p>\n\n\n\n<p><strong>&nbsp;&nbsp;&nbsp;&nbsp;&nbsp; 2024\/2025:<\/strong><\/p>\n\n\n\n<ol class=\"wp-block-list\">\n<li>Z\u0142o\u017cenie wniosku o przyj\u0119cie do klasy I Bran\u017cowej Szko\u0142y I Stopnia wraz z dokumentami potwierdzaj\u0105cymi spe\u0142nianie przez kandydata warunk\u00f3w lub kryteri\u00f3w branych pod uwag\u0119 w post\u0119powaniu rekrutacyjnym\u00a0<strong>od<\/strong>\u00a0<strong>20 maja 2024 r.( poniedzia\u0142ek )\u00a0 do 19 czerwca<\/strong>\u00a0<strong>2024r. do godz. 15.00 ( \u015broda ).<\/strong><\/li>\n\n\n\n<li>Uzupe\u0142nienie wniosku o przyj\u0119cie do szko\u0142y ponadpodstawowej o \u015bwiadectwo<\/li>\n<\/ol>\n\n\n\n<p>uko\u0144czenia szko\u0142y podstawowej oraz o za\u015bwiadczenie o wynikach egzaminu \u00f3smoklasisty&nbsp;<strong>&nbsp;do 8 lipca 2024 r. do godz. 12.00 (poniedzia\u0142ek).<\/strong><\/p>\n\n\n\n<ol start=\"3\" class=\"wp-block-list\">\n<li>Weryfikacja przez komisj\u0119 rekrutacyjn\u0105 wniosk\u00f3w o przyj\u0119cie do szko\u0142y<\/li>\n<\/ol>\n\n\n\n<p>&nbsp;&nbsp;&nbsp;&nbsp;&nbsp;&nbsp; ponadpodstawowej i dokument\u00f3w &nbsp;potwierdzaj\u0105cych spe\u0142nianie przez kandydata<\/p>\n\n\n\n<p>&nbsp;&nbsp;&nbsp;&nbsp;&nbsp;&nbsp; warunk\u00f3w po\u015bwiadczanych w o\u015bwiadczeniach, w tym dokonanie przez<\/p>\n\n\n\n<p>&nbsp;&nbsp;&nbsp;&nbsp;&nbsp;&nbsp; przewodnicz\u0105cego komisji rekrutacyjnej czynno\u015bci zwi\u0105zanych z ustaleniem tych &nbsp;&nbsp;<\/p>\n\n\n\n<p>&nbsp;&nbsp;&nbsp;&nbsp;&nbsp;&nbsp; okoliczno\u015bci&nbsp;&nbsp;<strong>do 9 lipca 2024r.(wtorek ).<\/strong><\/p>\n\n\n\n<p>&nbsp;&nbsp;<strong>4<\/strong>. &nbsp;&nbsp;Weryfikacja przez komisj\u0119 rekrutacyjn\u0105 wniosk\u00f3w o przyj\u0119cie do szko\u0142y<\/p>\n\n\n\n<p>&nbsp;&nbsp;&nbsp;&nbsp;&nbsp;&nbsp;&nbsp;&nbsp; ponadpodstawowej i dokument\u00f3w potwierdzaj\u0105cych spe\u0142nianie przez kandydata<\/p>\n\n\n\n<p>&nbsp;&nbsp;&nbsp;&nbsp;&nbsp;&nbsp;&nbsp;&nbsp; warunk\u00f3w lub kryteri\u00f3w branych pod uwag\u0119 w post\u0119powaniu rekrutacyjnym, w tym<\/p>\n\n\n\n<p>&nbsp;&nbsp;&nbsp;&nbsp;&nbsp;&nbsp;&nbsp;&nbsp; okoliczno\u015bci zweryfikowanych przez w\u00f3jta ( burmistrza lub prezydenta ) wskazanych<\/p>\n\n\n\n<p>&nbsp;&nbsp;&nbsp;&nbsp;&nbsp;&nbsp;&nbsp;&nbsp; w o\u015bwiadczeniach&nbsp;<strong>do 9 lipca 2024 r.( wtorek ).<\/strong><\/p>\n\n\n\n<p><strong>&nbsp;&nbsp;5.<\/strong>&nbsp;&nbsp;&nbsp;&nbsp;Podanie do publicznej wiadomo\u015bci przez komisj\u0119 rekrutacyjn\u0105 listy kandydat\u00f3w&nbsp;&nbsp;<\/p>\n\n\n\n<p>&nbsp;&nbsp;&nbsp;&nbsp;&nbsp;&nbsp;&nbsp;&nbsp; zakwalifikowanych i kandydat\u00f3w niezakwalifikowanych&nbsp;<strong>10 lipca 2024r.(\u015broda).<\/strong><\/p>\n\n\n\n<p>&nbsp;&nbsp;<strong>6<\/strong>. &nbsp;&nbsp;Wydanie przez szko\u0142\u0119 prowadz\u0105c\u0105 kszta\u0142cenie zawodowe skierowania na<\/p>\n\n\n\n<p>&nbsp;&nbsp;&nbsp;&nbsp;&nbsp;&nbsp;&nbsp;&nbsp; badania lekarskie&nbsp;<strong>do 11 lipca 2024r. ( czwartek).<\/strong><\/p>\n\n\n\n<p>&nbsp;&nbsp;<strong>7.&nbsp;&nbsp;&nbsp;&nbsp;<\/strong>Potwierdzenie przez rodzica kandydata \u2013 albo kandydata pe\u0142noletniego \u2013&nbsp; woli przyj\u0119cia<\/p>\n\n\n\n<p>&nbsp;&nbsp;&nbsp;&nbsp;&nbsp;&nbsp;&nbsp;&nbsp; w postaci:<\/p>\n\n\n\n<p>&nbsp;&nbsp;&nbsp;&nbsp;&nbsp;&nbsp;&nbsp; \u25cf przed\u0142o\u017cenia orygina\u0142u \u015bwiadectwa uko\u0144czenia szko\u0142y podstawowej i orygina\u0142u<\/p>\n\n\n\n<p>&nbsp;&nbsp;&nbsp;&nbsp;&nbsp;&nbsp;&nbsp;&nbsp;&nbsp;&nbsp; za\u015bwiadczenia o wynikach egzaminu \u00f3smoklasisty ( o ile nie zosta\u0142y<\/p>\n\n\n\n<p>&nbsp;&nbsp;&nbsp;&nbsp;&nbsp;&nbsp;&nbsp;&nbsp; &nbsp;&nbsp;one z\u0142o\u017cone w uzupe\u0142nieniu wniosku o przyj\u0119cie do szko\u0142y),<\/p>\n\n\n\n<p>&nbsp;&nbsp;&nbsp;&nbsp;&nbsp;&nbsp;&nbsp; \u25cf w przypadku szko\u0142y prowadz\u0105cej kszta\u0142cenie zawodowe \u2013 tak\u017ce &nbsp;&nbsp;za\u015bwiadczenia<\/p>\n\n\n\n<p>&nbsp;&nbsp;&nbsp;&nbsp;&nbsp;&nbsp;&nbsp; &nbsp;&nbsp;&nbsp;&nbsp;lekarskiego zawieraj\u0105cego orzeczenie o braku przeciwwskaza\u0144 zdrowotnych do<\/p>\n\n\n\n<p>&nbsp;&nbsp;&nbsp;&nbsp;&nbsp;&nbsp;&nbsp; &nbsp;&nbsp;&nbsp;podj\u0119cia &nbsp;praktycznej nauki zawodu oraz innych stosownych orzecze\u0144 od&nbsp;<strong>21 czerwca<\/strong><\/p>\n\n\n\n<p><strong>&nbsp;&nbsp;&nbsp;&nbsp;&nbsp;&nbsp;&nbsp;&nbsp;&nbsp;&nbsp; 2024 r. ( pi\u0105tek )&nbsp; do 15 lipca 2024 r. do godziny 15.00 ( poniedzia\u0142ek).<\/strong><\/p>\n\n\n\n<p>&nbsp;&nbsp;<strong>8<\/strong>. &nbsp;&nbsp;Podanie do publicznej wiadomo\u015bci przez komisj\u0119 rekrutacyjn\u0105 listy kandydat\u00f3w<\/p>\n\n\n\n<p>&nbsp;&nbsp; &nbsp;&nbsp;&nbsp;&nbsp;&nbsp;przyj\u0119tych i kandydat\u00f3w nieprzyj\u0119tych do szko\u0142y&nbsp;<strong>16 lipca 2024 r. do godz. 10.00<\/strong><\/p>\n\n\n\n<p><strong>&nbsp;&nbsp;&nbsp;&nbsp;&nbsp;&nbsp;&nbsp; ( wtorek).<\/strong><\/p>\n\n\n\n<p><strong>&nbsp; 9. &nbsp;&nbsp;<\/strong>Poinformowanie przez dyrektora szko\u0142y ponadpodstawowej kuratora o\u015bwiaty o liczbie<\/p>\n\n\n\n<p>&nbsp;&nbsp;&nbsp;&nbsp;&nbsp;&nbsp;&nbsp; wolnych miejsc w szkole&nbsp;<strong>16<\/strong><strong>&nbsp;lipca 2024 r. do godziny 14.30 (wtorek).<\/strong><\/p>\n\n\n\n<p><strong>&nbsp;10.&nbsp;&nbsp;<\/strong>Opublikowanie przez w\u0142a\u015bciwego Kuratora o\u015bwiaty informacji o liczbie wolnych miejsc&nbsp;<\/p>\n\n\n\n<p>&nbsp;&nbsp;&nbsp;&nbsp;&nbsp;&nbsp;&nbsp; w szko\u0142ach ponadpodstawowych&nbsp;<strong>do 17 lipca 2024 r. (\u015broda).<\/strong><\/p>\n\n\n\n<p><strong>&nbsp;11.&nbsp;&nbsp;<\/strong>Wyst\u0105pienie do komisji rekrutacyjnej o sporz\u0105dzenie uzasadnienia odmowy przyj\u0119cia&nbsp;<\/p>\n\n\n\n<p>&nbsp;&nbsp;&nbsp;&nbsp;&nbsp;&nbsp;&nbsp;&nbsp;<strong>do 19 lipca 2024r. (pi\u0105tek).<\/strong><\/p>\n\n\n\n<p><strong>&nbsp;12.&nbsp;&nbsp;<\/strong>Sporz\u0105dzenie przez komisj\u0119 rekrutacyjn\u0105 uzasadnienia odmowy przyj\u0119cia&nbsp;<strong>do 3 dni od<\/strong><\/p>\n\n\n\n<p><strong>&nbsp;&nbsp;&nbsp;&nbsp;&nbsp;&nbsp;&nbsp; dnia wyst\u0105pienia o sporz\u0105dzenie uzasadnienia odmowy przyj\u0119cia.<\/strong><\/p>\n\n\n\n<p><strong>&nbsp;13.&nbsp;&nbsp;<\/strong>Wniesienie do dyrektora SOSW odwo\u0142ania od rozstrzygni\u0119cia komisji rekrutacyjnej &nbsp;<\/p>\n\n\n\n<p>&nbsp;&nbsp;&nbsp;&nbsp;&nbsp;&nbsp; &nbsp;<strong>&nbsp;do 3 dni od dnia otrzymania uzasadnienia odmowy przyj\u0119cia.<\/strong><\/p>\n\n\n\n<p><strong>&nbsp;14.&nbsp;&nbsp;<\/strong>Rozpatrzenie przez dyrektora SOSW odwo\u0142ania od rozstrzygni\u0119cia komisji rekrutacyjnej<\/p>\n\n\n\n<p>&nbsp;&nbsp;&nbsp;&nbsp;&nbsp;&nbsp; &nbsp;<strong>do 3 dni od dnia z\u0142o\u017cenia odwo\u0142ania do dyrektora SOSW.<\/strong><\/p>\n\n\n\n<p><strong>II. Ustala si\u0119 nast\u0119puj\u0105cy spos\u00f3b przeliczania na punkty ocen z j\u0119zyka polskiego i trzech<\/strong><\/p>\n\n\n\n<p><strong>&nbsp;&nbsp;&nbsp;&nbsp; wybranych obowi\u0105zkowych zaj\u0119\u0107 edukacyjnych kandydata do klasy I Bran\u017cowej<\/strong><\/p>\n\n\n\n<p>&nbsp;&nbsp;&nbsp;&nbsp; S<strong>zko\u0142y I Stopnia:<\/strong><\/p>\n\n\n\n<ol class=\"wp-block-list\">\n<li>W post\u0119powaniu rekrutacyjnym w przypadku przeliczania na punkty wynik\u00f3w\u00a0<\/li>\n<\/ol>\n\n\n\n<p>&nbsp;&nbsp;&nbsp;&nbsp;&nbsp;&nbsp;&nbsp;&nbsp;&nbsp;&nbsp;&nbsp;&nbsp; &nbsp;&nbsp;&nbsp;&nbsp;&nbsp;&nbsp;&nbsp;&nbsp;&nbsp;egzaminu \u00f3smoklasisty, wynik przedstawiony w procentach z:<\/p>\n\n\n\n<p>&nbsp;&nbsp;&nbsp;&nbsp;&nbsp;&nbsp;&nbsp;&nbsp;&nbsp;&nbsp;&nbsp;&nbsp; &nbsp;&nbsp;&nbsp;&nbsp;&nbsp;&nbsp;&nbsp;a)&nbsp; j\u0119zyka polskiego,<\/p>\n\n\n\n<p>&nbsp;&nbsp;&nbsp;&nbsp;&nbsp;&nbsp;&nbsp;&nbsp;&nbsp;&nbsp;&nbsp;&nbsp; &nbsp;&nbsp;&nbsp;&nbsp;&nbsp;&nbsp;&nbsp;b) &nbsp;matematyki<\/p>\n\n\n\n<p>&nbsp;&nbsp;&nbsp;&nbsp;&nbsp;&nbsp;&nbsp;&nbsp;&nbsp;&nbsp;&nbsp;&nbsp;&nbsp;&nbsp;&nbsp; &nbsp;&nbsp;&nbsp;&nbsp;<strong>&nbsp;<u>mno\u017cy si\u0119 przez 0,35<\/u><\/strong><\/p>\n\n\n\n<p>&nbsp;&nbsp;&nbsp;&nbsp;&nbsp;&nbsp;&nbsp;&nbsp;&nbsp;&nbsp;&nbsp;&nbsp;&nbsp;&nbsp;&nbsp;&nbsp;&nbsp;&nbsp;&nbsp;&nbsp; Wynik przedstawiony w procentach z:<\/p>\n\n\n\n<p>&nbsp;&nbsp;&nbsp;&nbsp;&nbsp;&nbsp;&nbsp;&nbsp;&nbsp;&nbsp;&nbsp; &nbsp;&nbsp;&nbsp;&nbsp;&nbsp;&nbsp;&nbsp;&nbsp;a) j\u0119zyka obcego nowo\u017cytnego<\/p>\n\n\n\n<p>&nbsp;&nbsp;&nbsp;&nbsp;&nbsp;&nbsp;&nbsp;&nbsp;&nbsp;&nbsp;&nbsp;&nbsp;&nbsp;&nbsp; &nbsp;&nbsp;&nbsp;&nbsp;&nbsp;&nbsp;<strong><u>mno\u017cy si\u0119 przez 0,3.<\/u><\/strong><\/p>\n\n\n\n<ol start=\"2\" class=\"wp-block-list\">\n<li>W przypadku przeliczania na punkty ocen z zaj\u0119\u0107 edukacyjnych wymienionych<\/li>\n<\/ol>\n\n\n\n<p>&nbsp;&nbsp;&nbsp;&nbsp;&nbsp;&nbsp; na \u015bwiadectwie uko\u0144czenia szko\u0142y podstawowej, za oceny wyra\u017cone w stopniu:<\/p>\n\n\n\n<p>&nbsp;&nbsp;&nbsp;&nbsp;&nbsp; a)&nbsp; celuj\u0105cym \u2013 przyznaje si\u0119 po<strong>&nbsp;18 punkt\u00f3w<\/strong>,<\/p>\n\n\n\n<p>&nbsp;&nbsp;&nbsp;&nbsp;&nbsp; b)&nbsp; bardzo dobrym \u2013 przyznaje si\u0119 po<strong>&nbsp;17 punkt\u00f3w<\/strong>,<\/p>\n\n\n\n<p>&nbsp;&nbsp;&nbsp;&nbsp;&nbsp; c)&nbsp; dobrym \u2013 przyznaje si\u0119 po&nbsp;<strong>14 punkt\u00f3w,<\/strong><\/p>\n\n\n\n<p>&nbsp;&nbsp;&nbsp;&nbsp;&nbsp; d)&nbsp; dostatecznym \u2013 przyznaje si\u0119 po<strong>&nbsp;8 punkt\u00f3w<\/strong>,<\/p>\n\n\n\n<p>&nbsp;&nbsp;&nbsp;&nbsp;&nbsp; e)&nbsp; dopuszczaj\u0105cym \u2013 przyznaje si\u0119 po<strong>&nbsp;2 punkty.<\/strong><\/p>\n\n\n\n<ol start=\"3\" class=\"wp-block-list\">\n<li>Za \u015bwiadectwo uko\u0144czenia szko\u0142y podstawowej z wyr\u00f3\u017cnieniem, przyznaje si\u0119 \u00a0<\/li>\n<\/ol>\n\n\n\n<p>&nbsp;&nbsp;&nbsp;&nbsp;&nbsp;&nbsp;&nbsp;&nbsp;&nbsp;&nbsp;&nbsp;&nbsp;&nbsp;&nbsp;&nbsp;&nbsp;&nbsp;&nbsp;&nbsp; &nbsp;<strong>7<\/strong>&nbsp;<strong>punkt\u00f3w.<\/strong><\/p>\n\n\n\n<ol start=\"4\" class=\"wp-block-list\">\n<li>W przypadku przeliczania na punkty kryterium, o kt\u00f3rym mowa w ustawie<\/li>\n<\/ol>\n\n\n\n<p>&nbsp;&nbsp;&nbsp;&nbsp;&nbsp;&nbsp;&nbsp;&nbsp;&nbsp;&nbsp;&nbsp;&nbsp;&nbsp;&nbsp;&nbsp;&nbsp;&nbsp;&nbsp;&nbsp;&nbsp;&nbsp; prawo o\u015bwiatowe, za:<\/p>\n\n\n\n<ol class=\"wp-block-list\">\n<li>uzyskanie w zawodach wiedzy b\u0119d\u0105cych konkursem o zasi\u0119gu \u00a0\u00a0\u00a0ponadwojew\u00f3dzkim organizowanym przez kurator\u00f3w o\u015bwiaty na podstawie zawartych porozumie\u0144:<\/li>\n<\/ol>\n\n\n\n<p>&nbsp;&nbsp;&nbsp;&nbsp; &nbsp;&nbsp;&nbsp;&nbsp;&nbsp;&nbsp;&nbsp;&nbsp;&nbsp;&nbsp;&nbsp;&nbsp;&nbsp;&nbsp;&nbsp;a) tytu\u0142u finalisty konkursu przedmiotowego \u2013 przyznaje si\u0119&nbsp;<strong>10 punkt\u00f3w<\/strong>,<\/p>\n\n\n\n<p>b) tytu\u0142u laureata konkursu tematycznego lub interdyscyplinarnego \u2013 przyznaje<\/p>\n\n\n\n<p>&nbsp;&nbsp;&nbsp;&nbsp;&nbsp;&nbsp;&nbsp;&nbsp;&nbsp;&nbsp;&nbsp;&nbsp;&nbsp;&nbsp;&nbsp;&nbsp;&nbsp;&nbsp;&nbsp;&nbsp;&nbsp;&nbsp;&nbsp; si\u0119&nbsp;<strong>7 punkt\u00f3w<\/strong>,<\/p>\n\n\n\n<p>&nbsp;&nbsp;&nbsp;&nbsp;&nbsp;&nbsp;&nbsp;&nbsp;&nbsp;&nbsp;&nbsp;&nbsp; &nbsp;&nbsp;&nbsp;&nbsp;&nbsp;&nbsp;&nbsp;c) tytu\u0142u finalisty konkursu tematycznego lub interdyscyplinarnego \u2013 przyznaje<\/p>\n\n\n\n<p>&nbsp;&nbsp;&nbsp;&nbsp;&nbsp;&nbsp;&nbsp;&nbsp;&nbsp;&nbsp;&nbsp;&nbsp;&nbsp;&nbsp;&nbsp;&nbsp;&nbsp;&nbsp;&nbsp;&nbsp;&nbsp;&nbsp;&nbsp; si\u0119&nbsp;<strong>5 punkt\u00f3w<\/strong>.<\/p>\n\n\n\n<ol start=\"2\" class=\"wp-block-list\">\n<li>uzyskanie w zawodach wiedzy b\u0119d\u0105cych konkursem o zasi\u0119gu wojew\u00f3dzkim organizowanym przez kuratora o\u015bwiaty:<\/li>\n<\/ol>\n\n\n\n<p>&nbsp;&nbsp;&nbsp;&nbsp;&nbsp;&nbsp;&nbsp;&nbsp;&nbsp;&nbsp;&nbsp; &nbsp;&nbsp;&nbsp;&nbsp;&nbsp;&nbsp;&nbsp;a) dw\u00f3ch lub wi\u0119cej tytu\u0142\u00f3w finalisty konkursu &nbsp;przedmiotowego &#8211;&nbsp; przyznaje si\u0119<\/p>\n\n\n\n<p>&nbsp;&nbsp;&nbsp;&nbsp;&nbsp;&nbsp;&nbsp;&nbsp;&nbsp;&nbsp;&nbsp;&nbsp;&nbsp;&nbsp;&nbsp;&nbsp;&nbsp; &nbsp;&nbsp;&nbsp;&nbsp;&nbsp;<strong>10 punkt\u00f3w<\/strong>,<\/p>\n\n\n\n<p>&nbsp;&nbsp;&nbsp;&nbsp;&nbsp;&nbsp;&nbsp;&nbsp;&nbsp;&nbsp;&nbsp; &nbsp;&nbsp;&nbsp;&nbsp;&nbsp;&nbsp;&nbsp;b) dw\u00f3ch lub wi\u0119cej tytu\u0142\u00f3w laureata konkursu tematycznego lub<\/p>\n\n\n\n<p>&nbsp;&nbsp;&nbsp;&nbsp;&nbsp;&nbsp;&nbsp;&nbsp;&nbsp;&nbsp;&nbsp;&nbsp;&nbsp;&nbsp;&nbsp;&nbsp;&nbsp; &nbsp;&nbsp;&nbsp;&nbsp;&nbsp;&nbsp;interdyscyplinarnego \u2013 przyznaje si\u0119&nbsp;<strong>7 punkt\u00f3w,<\/strong><\/p>\n\n\n\n<p>c) dw\u00f3ch lub wi\u0119cej tytu\u0142\u00f3w finalisty konkursu tematycznego lub<\/p>\n\n\n\n<p>&nbsp;&nbsp;&nbsp;&nbsp;&nbsp;&nbsp;&nbsp;&nbsp;&nbsp;&nbsp;&nbsp;&nbsp;&nbsp;&nbsp;&nbsp;&nbsp;&nbsp; &nbsp;&nbsp;&nbsp;&nbsp;&nbsp;&nbsp;interdyscyplinarnego \u2013 przyznaje si\u0119&nbsp;<strong>5 punkt\u00f3w<\/strong>,<\/p>\n\n\n\n<p>&nbsp;&nbsp;&nbsp;&nbsp;&nbsp;&nbsp;&nbsp;&nbsp;&nbsp;&nbsp;&nbsp;&nbsp;&nbsp; &nbsp;&nbsp;&nbsp;&nbsp;&nbsp;d) tytu\u0142u finalisty konkursu przedmiotowego \u2013 przyznaje si\u0119&nbsp;<strong>7 punkt\u00f3w<\/strong>,<\/p>\n\n\n\n<p>&nbsp;&nbsp;&nbsp;&nbsp;&nbsp;&nbsp;&nbsp;&nbsp;&nbsp;&nbsp;&nbsp;&nbsp; &nbsp;&nbsp;&nbsp;&nbsp;&nbsp;&nbsp;e) tytu\u0142u laureata konkursu tematycznego lub interdyscyplinarnego \u2013 przyznaje<\/p>\n\n\n\n<p>&nbsp;&nbsp;&nbsp;&nbsp;&nbsp;&nbsp;&nbsp;&nbsp;&nbsp;&nbsp;&nbsp;&nbsp;&nbsp;&nbsp;&nbsp;&nbsp;&nbsp;&nbsp;&nbsp;&nbsp;&nbsp;&nbsp; si\u0119&nbsp;&nbsp;<strong>5 punkt\u00f3w<\/strong>,<\/p>\n\n\n\n<p>&nbsp;&nbsp;&nbsp;&nbsp;&nbsp;&nbsp;&nbsp;&nbsp;&nbsp;&nbsp;&nbsp;&nbsp; &nbsp;&nbsp;&nbsp;&nbsp;&nbsp;&nbsp;f) tytu\u0142u finalisty konkursu tematycznego lub interdyscyplinarnego \u2013 przyznaje<\/p>\n\n\n\n<p>&nbsp;&nbsp;&nbsp;&nbsp;&nbsp;&nbsp;&nbsp;&nbsp;&nbsp;&nbsp;&nbsp;&nbsp;&nbsp;&nbsp;&nbsp;&nbsp;&nbsp;&nbsp;&nbsp;&nbsp;&nbsp;&nbsp; si\u0119&nbsp;<strong>3 punkty.<\/strong><\/p>\n\n\n\n<p>3)&nbsp; uzyskanie wysokiego miejsca w zawodach wiedzy innych ni\u017c wymienione<\/p>\n\n\n\n<p>&nbsp;&nbsp;&nbsp;&nbsp;&nbsp;&nbsp;&nbsp;&nbsp;&nbsp;&nbsp;&nbsp;&nbsp;&nbsp; &nbsp;&nbsp;&nbsp;&nbsp;&nbsp;&nbsp;&nbsp;&nbsp;w pkt 1-2, artystycznych lub sportowych, organizowanych przez kuratora &nbsp;<\/p>\n\n\n\n<p>&nbsp;&nbsp;&nbsp;&nbsp;&nbsp;&nbsp;&nbsp;&nbsp;&nbsp;&nbsp;&nbsp;&nbsp;&nbsp;&nbsp;&nbsp;&nbsp;&nbsp;&nbsp;&nbsp;&nbsp;&nbsp; o\u015bwiaty lub inne podmioty dzia\u0142aj\u0105ce na terenie szko\u0142y, na szczeblu:<\/p>\n\n\n\n<p>&nbsp;&nbsp;&nbsp;&nbsp;&nbsp;&nbsp;&nbsp;&nbsp;&nbsp;&nbsp;&nbsp; &nbsp;&nbsp;&nbsp;&nbsp;&nbsp;&nbsp;&nbsp;&nbsp;&nbsp;&nbsp;a) mi\u0119dzynarodowym \u2013 przyznaje si\u0119&nbsp;<strong>4 punkty<\/strong>,<\/p>\n\n\n\n<p>&nbsp;&nbsp;&nbsp;&nbsp;&nbsp;&nbsp;&nbsp;&nbsp;&nbsp;&nbsp;&nbsp;&nbsp; &nbsp;&nbsp;&nbsp;&nbsp;&nbsp;&nbsp;&nbsp;&nbsp;&nbsp;b) krajowym \u2013 przyznaje si\u0119&nbsp;<strong>3 punkty<\/strong>,<\/p>\n\n\n\n<p>&nbsp;&nbsp;&nbsp;&nbsp;&nbsp;&nbsp;&nbsp;&nbsp;&nbsp;&nbsp;&nbsp;&nbsp;&nbsp; &nbsp;&nbsp;&nbsp;&nbsp;&nbsp;&nbsp;&nbsp;&nbsp;c) wojew\u00f3dzkim \u2013 przyznaje si\u0119&nbsp;<strong>2 punkty<\/strong>,<\/p>\n\n\n\n<p>&nbsp;&nbsp;&nbsp;&nbsp;&nbsp;&nbsp;&nbsp;&nbsp;&nbsp;&nbsp;&nbsp;&nbsp; &nbsp;&nbsp;&nbsp;&nbsp;&nbsp;&nbsp;&nbsp;&nbsp;&nbsp;d) powiatowym \u2013 przyznaje si\u0119&nbsp;<strong>1 punkt<\/strong>.<\/p>\n\n\n\n<p>&nbsp;&nbsp;&nbsp;&nbsp;&nbsp;&nbsp;4)&nbsp; W przypadku gdy kandydat ma wi\u0119cej ni\u017c jedno szczeg\u00f3lne osi\u0105gni\u0119cie z takich<\/p>\n\n\n\n<p>&nbsp;&nbsp;&nbsp;&nbsp;&nbsp;&nbsp;&nbsp;&nbsp;&nbsp;&nbsp;&nbsp;&nbsp;&nbsp;&nbsp;&nbsp; &nbsp;&nbsp;&nbsp;&nbsp;&nbsp;&nbsp;samych zawod\u00f3w wiedzy, artystycznych i sportowych, o kt\u00f3rych mowa w ust.1,<\/p>\n\n\n\n<p>&nbsp;&nbsp;&nbsp;&nbsp;&nbsp;&nbsp;&nbsp;&nbsp;&nbsp;&nbsp;&nbsp;&nbsp;&nbsp;&nbsp;&nbsp; &nbsp;&nbsp;&nbsp;&nbsp;&nbsp;&nbsp;na tym samym szczeblu oraz z tego samego zakresu, wymienione na<\/p>\n\n\n\n<p>&nbsp;&nbsp;&nbsp;&nbsp;&nbsp;&nbsp;&nbsp;&nbsp;&nbsp;&nbsp;&nbsp;&nbsp;&nbsp;&nbsp;&nbsp;&nbsp;&nbsp;&nbsp;&nbsp;&nbsp;&nbsp; \u015bwiadectwie uko\u0144czenia szko\u0142y podstawowej, przyznaje si\u0119 jednorazowo<\/p>\n\n\n\n<p>&nbsp;&nbsp;&nbsp;&nbsp;&nbsp;&nbsp;&nbsp;&nbsp;&nbsp;&nbsp;&nbsp;&nbsp;&nbsp;&nbsp;&nbsp;&nbsp;&nbsp;&nbsp;&nbsp;&nbsp;&nbsp; punkty za najwy\u017csze&nbsp; osi\u0105gni\u0119cie tego ucznia w tych zawodach, z tym, \u017ce &nbsp;<\/p>\n\n\n\n<p>&nbsp;&nbsp;&nbsp;&nbsp;&nbsp;&nbsp;&nbsp;&nbsp;&nbsp;&nbsp;&nbsp;&nbsp;&nbsp;&nbsp;&nbsp;&nbsp;&nbsp;&nbsp;&nbsp;&nbsp;&nbsp; maksymalna liczba punkt\u00f3w&nbsp; mo\u017cliwych do uzyskania za wszystkie osi\u0105gni\u0119cia<\/p>\n\n\n\n<p>&nbsp;&nbsp;&nbsp;&nbsp;&nbsp;&nbsp;&nbsp;&nbsp;&nbsp;&nbsp;&nbsp;&nbsp;&nbsp;&nbsp;&nbsp;&nbsp;&nbsp;&nbsp;&nbsp;&nbsp;&nbsp; wynosi&nbsp;<strong>18 punkt\u00f3w.<\/strong>&nbsp;<\/p>\n\n\n\n<p>&nbsp;&nbsp;&nbsp;&nbsp;&nbsp;&nbsp;&nbsp;&nbsp; &nbsp;&nbsp;&nbsp;&nbsp;&nbsp;&nbsp;&nbsp;5)&nbsp; W przypadku przeliczania na punkty kryterium za osi\u0105gni\u0119cia w zakresie<\/p>\n\n\n\n<p>&nbsp;&nbsp;&nbsp;&nbsp;&nbsp;&nbsp;&nbsp;&nbsp;&nbsp;&nbsp;&nbsp;&nbsp;&nbsp;&nbsp;&nbsp; &nbsp;&nbsp;&nbsp;&nbsp;&nbsp;&nbsp;aktywno\u015bci spo\u0142ecznej, w tym na rzecz \u015brodowiska lokalnego, w szczeg\u00f3lno\u015bci<\/p>\n\n\n\n<p>&nbsp;&nbsp;&nbsp;&nbsp;&nbsp;&nbsp;&nbsp;&nbsp;&nbsp;&nbsp;&nbsp;&nbsp;&nbsp;&nbsp; &nbsp;&nbsp;&nbsp;&nbsp;&nbsp;&nbsp;&nbsp;w formie wolontariatu przyznaje si\u0119&nbsp;<strong>3 punkty.<\/strong><\/p>\n\n\n\n<ol start=\"5\" class=\"wp-block-list\">\n<li><strong>Zwolnienie z obowi\u0105zku przyst\u0105pienia do egzaminu \u00f3smoklasisty<\/strong><\/li>\n<\/ol>\n\n\n\n<p>W przypadku os\u00f3b zwolnionych z obowi\u0105zku przyst\u0105pienia do egzaminu \u00f3smoklasisty na podstawie art. 44zw ust. 2 i art. 44zz ust. 2 ustawy o systemie o\u015bwiaty oceny z j\u0119zyka polskiego, matematyki i j\u0119zyka obcego nowo\u017cytnego, wymienione na \u015bwiadectwie uko\u0144czenia szko\u0142y podstawowej, przelicza si\u0119 na punkty, przy czym za uzyskanie z:<\/p>\n\n\n\n<p>1) j\u0119zyka polskiego i matematyki oceny wyra\u017conej w stopniu:<\/p>\n\n\n\n<p><strong>a)&nbsp;<\/strong>celuj\u0105cym &#8211; przyznaje si\u0119 po<strong>&nbsp;35 punkt\u00f3w,<\/strong><\/p>\n\n\n\n<p><strong>b)&nbsp;<\/strong>bardzo dobrym &#8211; przyznaje si\u0119 po<strong>&nbsp;30 punkt\u00f3w,<\/strong><\/p>\n\n\n\n<p><strong>c)&nbsp;<\/strong>dobrym &#8211; przyznaje si\u0119 po<strong>&nbsp;25 punkt\u00f3w,<\/strong><\/p>\n\n\n\n<p><strong>d)&nbsp;<\/strong>dostatecznym &#8211; przyznaje si\u0119 po<strong>&nbsp;15 punkt\u00f3w,<\/strong><\/p>\n\n\n\n<p><strong>e)&nbsp;<\/strong>dopuszczaj\u0105cym &#8211; przyznaje si\u0119 po<strong>&nbsp;10 punkt\u00f3w;<\/strong><\/p>\n\n\n\n<p><strong>2)&nbsp;<\/strong>j\u0119zyka obcego nowo\u017cytnego oceny wyra\u017conej w stopniu:<\/p>\n\n\n\n<p><strong>a)&nbsp;<\/strong>celuj\u0105cym &#8211; przyznaje si\u0119<strong>&nbsp;30 punkt\u00f3w,<\/strong><\/p>\n\n\n\n<p><strong>b)&nbsp;<\/strong>bardzo dobrym &#8211; przyznaje si\u0119<strong>&nbsp;25 punkt\u00f3w,<\/strong><\/p>\n\n\n\n<p><strong>c)&nbsp;<\/strong>dobrym &#8211; przyznaje si\u0119<strong>&nbsp;20 punkt\u00f3w,<\/strong><\/p>\n\n\n\n<p><strong>d)&nbsp;<\/strong>dostatecznym &#8211; przyznaje si\u0119<strong>&nbsp;10 punkt\u00f3w,<\/strong><\/p>\n\n\n\n<p><strong>e<\/strong>) dopuszczaj\u0105cym &#8211; przyznaje si\u0119<strong>&nbsp;5 punkt\u00f3w.<\/strong><\/p>\n\n\n\n<ol start=\"6\" class=\"wp-block-list\">\n<li>W przypadku przeliczania na punkty kryterium za osi\u0105gni\u0119cia w zakresie aktywno\u015bci spo\u0142ecznej, w tym na rzecz \u015brodowiska szkolnego, w szczeg\u00f3lno\u015bci w formie wolontariatu, przyznaje si\u0119\u00a0<strong>3 punkty.<\/strong><\/li>\n<\/ol>\n\n\n\n<p><strong>&nbsp;&nbsp;&nbsp; III.1. Komisja rekrutacyjna decyduj\u0105c o przyj\u0119ciu kandydat\u00f3w b\u0119dzie bra\u0142a pod<\/strong><\/p>\n\n\n\n<p><strong>&nbsp;&nbsp;&nbsp;&nbsp;&nbsp;&nbsp;&nbsp;&nbsp; &nbsp;&nbsp;&nbsp;&nbsp;&nbsp;uwag\u0119 oceny z nast\u0119puj\u0105cych obowi\u0105zkowych zaj\u0119\u0107 edukacyjnych:<\/strong><\/p>\n\n\n\n<p><strong>&nbsp;&nbsp;&nbsp;&nbsp;&nbsp; a)&nbsp;&nbsp; ogrodnik:<\/strong>&nbsp;j\u0119zyk polski, matematyka, j\u0119zyk obcy, biologia;<\/p>\n\n\n\n<p><strong>&nbsp;&nbsp;&nbsp;&nbsp;&nbsp; b)&nbsp;&nbsp; kucharz:<\/strong>&nbsp;j\u0119zyk polski, matematyka, j\u0119zyk obcy, technika;<\/p>\n\n\n\n<p><strong>&nbsp;&nbsp;&nbsp;&nbsp;&nbsp; c)&nbsp;&nbsp; &nbsp;pracownik pomocniczy stolarza:&nbsp;<\/strong>j\u0119zyk polski, matematyka, fizyka, technika;<\/p>\n\n\n\n<p><strong>&nbsp;&nbsp;&nbsp;&nbsp;&nbsp; d)&nbsp; &nbsp;pracownik pomocniczy obs\u0142ugi hotelowej:&nbsp;<\/strong>j\u0119zyk polski, j\u0119zyk obcy, geografia, &nbsp;<\/p>\n\n\n\n<p>informatyka.<\/p>\n\n\n\n<p><strong>&nbsp;&nbsp;&nbsp;&nbsp; &nbsp;&nbsp;&nbsp;&nbsp;&nbsp;&nbsp;2.&nbsp;<\/strong>Praca szkolnej komisji rekrutacyjnej trwa&nbsp;<strong>od 20 maja 2024 r. do 23 lipca &nbsp;<\/strong><\/p>\n\n\n\n<p><strong>&nbsp;&nbsp;&nbsp;&nbsp;&nbsp;&nbsp;&nbsp;&nbsp;&nbsp;&nbsp;&nbsp;&nbsp;&nbsp;&nbsp; 2024 r.<\/strong><\/p>\n\n\n\n<p><strong>IV. Wymagana dokumentacja:&nbsp;<\/strong><\/p>\n\n\n\n<ol class=\"wp-block-list\">\n<li>podanie o przyj\u0119cie do szko\u0142y z okre\u015bleniem wybranego zawodu,<\/li>\n\n\n\n<li>\u015bwiadectwo uko\u0144czenia szko\u0142y podstawowej lub bran\u017cowej\u00a0<em>(orygina\u0142<\/em>), po zako\u0144czeniu roku szkolnego,<\/li>\n\n\n\n<li>za\u015bwiadczenie\u00a0 OKE\u00a0 o \u00a0szczeg\u00f3\u0142owych \u00a0wynikach \u00a0egzaminu gimnazjalnego lub \u00a0\u00f3smoklasisty\u00a0<em>(orygina\u0142<\/em>), po zako\u0144czeniu roku szkolnego,<\/li>\n\n\n\n<li>aktualne orzeczenie kwalifikacyjne do kszta\u0142cenia specjalnego,<\/li>\n\n\n\n<li>za\u015bwiadczenie wydane przez lekarza medycyny pracy o braku przeciwwskaza\u0144 zdrowotnych do podj\u0119cia praktycznej nauki zawodu,<\/li>\n\n\n\n<li>dwie fotografie,<\/li>\n\n\n\n<li>ksi\u0105\u017ceczka zdrowia ( zaw\u00f3d: kucharz ),<\/li>\n\n\n\n<li>karta zdrowia,<\/li>\n\n\n\n<li>odpis aktu urodzenia z potwierdzeniem sta\u0142ego zameldowania lub dow\u00f3d osobisty,<\/li>\n\n\n\n<li>w przypadku p\u00f3\u0142sierot odpis aktu zgonu rodzic\u00f3w,<\/li>\n\n\n\n<li>w przypadku sierot postanowienie s\u0105du o ustanowieniu opiekuna prawnego.<\/li>\n\n\n\n<li>dokumenty dotycz\u0105ce rodzic\u00f3w ( prawnych opiekun\u00f3w ) w zwi\u0105zku z ustanowieniem<\/li>\n<\/ol>\n\n\n\n<p>&nbsp;nadzoru kuratorskiego,<\/p>\n\n\n\n<p>&nbsp; \u0142)&nbsp;&nbsp;&nbsp; orzeczenie o stopniu niepe\u0142nosprawno\u015bci, o ile ucze\u0144 posiada.&nbsp;&nbsp;&nbsp;&nbsp;<\/p>\n\n\n\n<div class=\"wp-block-file\"><a id=\"wp-block-file--media-be210bd8-ce49-4dd4-a09a-d925a2061a2c\" href=\"https:\/\/soswketrzyn.pl\/wp-content\/uploads\/2024\/10\/Rekrutacja-2024-2025.doc\">Rekrutacja 2024 &#8211; 2025<\/a><a href=\"https:\/\/soswketrzyn.pl\/wp-content\/uploads\/2024\/10\/Rekrutacja-2024-2025.doc\" class=\"wp-block-file__button wp-element-button\" download aria-describedby=\"wp-block-file--media-be210bd8-ce49-4dd4-a09a-d925a2061a2c\">Pobierz<\/a><\/div>\n","protected":false},"excerpt":{"rendered":"<p>K\u0119trzyn, 19.04.2024r. KRYTERIA&nbsp; NABORU do Bran\u017cowej Szko\u0142y Specjalnej I Stopnia w Specjalnym O\u015brodku Szkolno&#8211;Wychowawczym im. \u015bw. Jana Paw\u0142a II w &hellip; <\/p>\n","protected":false},"author":1,"featured_media":0,"parent":0,"menu_order":0,"comment_status":"closed","ping_status":"closed","template":"","meta":{"footnotes":""},"class_list":["post-130","page","type-page","status-publish","hentry"],"_links":{"self":[{"href":"https:\/\/soswketrzyn.pl\/index.php\/wp-json\/wp\/v2\/pages\/130"}],"collection":[{"href":"https:\/\/soswketrzyn.pl\/index.php\/wp-json\/wp\/v2\/pages"}],"about":[{"href":"https:\/\/soswketrzyn.pl\/index.php\/wp-json\/wp\/v2\/types\/page"}],"author":[{"embeddable":true,"href":"https:\/\/soswketrzyn.pl\/index.php\/wp-json\/wp\/v2\/users\/1"}],"replies":[{"embeddable":true,"href":"https:\/\/soswketrzyn.pl\/index.php\/wp-json\/wp\/v2\/comments?post=130"}],"version-history":[{"count":6,"href":"https:\/\/soswketrzyn.pl\/index.php\/wp-json\/wp\/v2\/pages\/130\/revisions"}],"predecessor-version":[{"id":909,"href":"https:\/\/soswketrzyn.pl\/index.php\/wp-json\/wp\/v2\/pages\/130\/revisions\/909"}],"wp:attachment":[{"href":"https:\/\/soswketrzyn.pl\/index.php\/wp-json\/wp\/v2\/media?parent=130"}],"curies":[{"name":"wp","href":"https:\/\/api.w.org\/{rel}","templated":true}]}}