{"id":1255,"date":"2025-05-28T10:19:18","date_gmt":"2025-05-28T08:19:18","guid":{"rendered":"https:\/\/soswketrzyn.pl\/?page_id=1255"},"modified":"2025-05-28T13:46:53","modified_gmt":"2025-05-28T11:46:53","slug":"spotkania-z-historykiem","status":"publish","type":"page","link":"https:\/\/soswketrzyn.pl\/index.php\/spotkania-z-historykiem\/","title":{"rendered":"SZKO\u0141A WIERNA DZIEDZICTWU"},"content":{"rendered":"\n<p><strong>Certyfikat \u201eSZKO\u0141A WIERNA DZIEDZICTWU\u201d<\/strong><\/p>\n\n\n\n<p>15 listopada 2024&nbsp;r. odby\u0142a si\u0119 uroczysto\u015b\u0107 wr\u0119czenia Certyfikat\u00f3w Warmi\u0144sko-Mazurskiego Kuratora O\u015bwiaty w&nbsp;ramach konkursu \u201eSzko\u0142a Wierna Dziedzictwu\u201d.<\/p>\n\n\n\n<p>Kapitu\u0142a konkursu dokona\u0142a oceny sprawozda\u0144 nades\u0142anych przez szko\u0142y i plac\u00f3wki ubiegaj\u0105ce si\u0119 o certyfikat \u201eSzko\u0142a Wierna Dziedzictwu\u201d. Kapitu\u0142a rekomendowa\u0142a 38 szk\u00f3\u0142\/plac\u00f3wek z wojew\u00f3dztwa warmi\u0144sko-mazurskiego.<\/p>\n\n\n\n<p>Na wniosek Kapitu\u0142y Warmi\u0144sko-Mazurski Kurator O\u015bwiaty przyzna\u0142 Certyfikat \u201e<em>Szko\u0142a Wierna Dziedzictwu\u201d<\/em>na lata szkolne&nbsp; 2024\/2025 \u2013 2026\/2027Specjalnemu O\u015brodkowi Szkolno-Wychowawczemu im. \u015bw. Jana Paw\u0142a II w K\u0119trzynie.<\/p>\n\n\n\n<p>Celem powy\u017cszego przedsi\u0119wzi\u0119cia jest wyr\u00f3\u017cnienie szk\u00f3\u0142 i&nbsp;plac\u00f3wek o\u015bwiatowych, kt\u00f3re:<\/p>\n\n\n\n<p>\u2013 Pomagaj\u0105 cz\u0142onkom spo\u0142eczno\u015bci szkolnej zrozumie\u0107 i zaakceptowa\u0107 koncepcj\u0119 szko\u0142y promuj\u0105cej postawy patriotyczne.<\/p>\n\n\n\n<p>\u2013 Zarz\u0105dzaj\u0105 projektami w spos\u00f3b sprzyjaj\u0105cy uczestnictwu, partnerstwu i wsp\u00f3\u0142dzia\u0142aniu spo\u0142eczno\u015bci szkolnej, w tym rodzic\u00f3w i spo\u0142eczno\u015bci lokalnej oraz d\u0142ugofalowo\u015bci dzia\u0142a\u0144.<\/p>\n\n\n\n<p>\u2013 Doskonal\u0105 procesy dydaktyczne i wychowawcze w obszarze edukacji patriotycznej i regionalnej, d\u0105\u017c\u0105c do zwi\u0119kszenia jej skuteczno\u015bci.<\/p>\n\n\n\n<p>\u2013 Tworz\u0105 klimat spo\u0142eczny sprzyjaj\u0105cy rozwojowi, osi\u0105ganiu przez wszystkich sukces\u00f3w i wspieraj\u0105cy ich poczucie w\u0142asnej warto\u015bci.<\/p>\n\n\n\n<p>Pragniemy serdecznie podzi\u0119kowa\u0107 wszystkim nauczycielom oraz uczniom, dzi\u0119ki kt\u00f3rym uda\u0142o si\u0119 uzyska\u0107 przyznany Certyfikat.<\/p>\n\n\n\n<p>Szymon Micha\u0142owski<\/p>\n\n\n\n<figure class=\"wp-block-image\"><img loading=\"lazy\" decoding=\"async\" width=\"771\" height=\"1024\" src=\"https:\/\/soswketrzyn.pl\/wp-content\/uploads\/2024\/11\/IMG20241115105339-2-771x1024.jpg\" alt=\"\" class=\"wp-image-989\" srcset=\"https:\/\/soswketrzyn.pl\/wp-content\/uploads\/2024\/11\/IMG20241115105339-2-771x1024.jpg 771w, https:\/\/soswketrzyn.pl\/wp-content\/uploads\/2024\/11\/IMG20241115105339-2-226x300.jpg 226w, https:\/\/soswketrzyn.pl\/wp-content\/uploads\/2024\/11\/IMG20241115105339-2-768x1020.jpg 768w, https:\/\/soswketrzyn.pl\/wp-content\/uploads\/2024\/11\/IMG20241115105339-2-1157x1536.jpg 1157w, https:\/\/soswketrzyn.pl\/wp-content\/uploads\/2024\/11\/IMG20241115105339-2-1542x2048.jpg 1542w, https:\/\/soswketrzyn.pl\/wp-content\/uploads\/2024\/11\/IMG20241115105339-2-scaled.jpg 1928w\" sizes=\"(max-width: 771px) 100vw, 771px\" \/><\/figure>\n\n\n\n<figure class=\"wp-block-image size-large is-resized\"><img loading=\"lazy\" decoding=\"async\" width=\"724\" height=\"1024\" src=\"https:\/\/soswketrzyn.pl\/wp-content\/uploads\/2025\/05\/image-724x1024.png\" alt=\"\" class=\"wp-image-1273\" style=\"width:840px;height:auto\" srcset=\"https:\/\/soswketrzyn.pl\/wp-content\/uploads\/2025\/05\/image-724x1024.png 724w, https:\/\/soswketrzyn.pl\/wp-content\/uploads\/2025\/05\/image-212x300.png 212w, https:\/\/soswketrzyn.pl\/wp-content\/uploads\/2025\/05\/image-768x1086.png 768w, https:\/\/soswketrzyn.pl\/wp-content\/uploads\/2025\/05\/image.png 1086w\" sizes=\"(max-width: 724px) 100vw, 724px\" \/><\/figure>\n\n\n\n<figure class=\"wp-block-image size-large\"><img loading=\"lazy\" decoding=\"async\" width=\"1024\" height=\"771\" src=\"https:\/\/soswketrzyn.pl\/wp-content\/uploads\/2025\/05\/image-1-1024x771.png\" alt=\"\" class=\"wp-image-1275\" srcset=\"https:\/\/soswketrzyn.pl\/wp-content\/uploads\/2025\/05\/image-1-1024x771.png 1024w, https:\/\/soswketrzyn.pl\/wp-content\/uploads\/2025\/05\/image-1-300x226.png 300w, https:\/\/soswketrzyn.pl\/wp-content\/uploads\/2025\/05\/image-1-768x579.png 768w, https:\/\/soswketrzyn.pl\/wp-content\/uploads\/2025\/05\/image-1.png 1536w\" sizes=\"(max-width: 1024px) 100vw, 1024px\" \/><\/figure>\n","protected":false},"excerpt":{"rendered":"<p>Certyfikat \u201eSZKO\u0141A WIERNA DZIEDZICTWU\u201d 15 listopada 2024&nbsp;r. odby\u0142a si\u0119 uroczysto\u015b\u0107 wr\u0119czenia Certyfikat\u00f3w Warmi\u0144sko-Mazurskiego Kuratora O\u015bwiaty w&nbsp;ramach konkursu \u201eSzko\u0142a Wierna Dziedzictwu\u201d. &hellip; <\/p>\n","protected":false},"author":1,"featured_media":0,"parent":0,"menu_order":0,"comment_status":"closed","ping_status":"closed","template":"","meta":{"footnotes":""},"class_list":["post-1255","page","type-page","status-publish","hentry"],"_links":{"self":[{"href":"https:\/\/soswketrzyn.pl\/index.php\/wp-json\/wp\/v2\/pages\/1255"}],"collection":[{"href":"https:\/\/soswketrzyn.pl\/index.php\/wp-json\/wp\/v2\/pages"}],"about":[{"href":"https:\/\/soswketrzyn.pl\/index.php\/wp-json\/wp\/v2\/types\/page"}],"author":[{"embeddable":true,"href":"https:\/\/soswketrzyn.pl\/index.php\/wp-json\/wp\/v2\/users\/1"}],"replies":[{"embeddable":true,"href":"https:\/\/soswketrzyn.pl\/index.php\/wp-json\/wp\/v2\/comments?post=1255"}],"version-history":[{"count":12,"href":"https:\/\/soswketrzyn.pl\/index.php\/wp-json\/wp\/v2\/pages\/1255\/revisions"}],"predecessor-version":[{"id":1277,"href":"https:\/\/soswketrzyn.pl\/index.php\/wp-json\/wp\/v2\/pages\/1255\/revisions\/1277"}],"wp:attachment":[{"href":"https:\/\/soswketrzyn.pl\/index.php\/wp-json\/wp\/v2\/media?parent=1255"}],"curies":[{"name":"wp","href":"https:\/\/api.w.org\/{rel}","templated":true}]}}