{"id":1216,"date":"2025-05-21T17:59:49","date_gmt":"2025-05-21T15:59:49","guid":{"rendered":"https:\/\/soswketrzyn.pl\/?page_id=1216"},"modified":"2026-04-07T22:02:57","modified_gmt":"2026-04-07T20:02:57","slug":"plan-dzialania","status":"publish","type":"page","link":"https:\/\/soswketrzyn.pl\/index.php\/plan-dzialania\/","title":{"rendered":"Plan dzia\u0142ania"},"content":{"rendered":"\n<figure class=\"wp-block-image size-full\"><img loading=\"lazy\" decoding=\"async\" width=\"945\" height=\"128\" src=\"https:\/\/soswketrzyn.pl\/wp-content\/uploads\/2026\/03\/image-4.png\" alt=\"\" class=\"wp-image-1703\" srcset=\"https:\/\/soswketrzyn.pl\/wp-content\/uploads\/2026\/03\/image-4.png 945w, https:\/\/soswketrzyn.pl\/wp-content\/uploads\/2026\/03\/image-4-300x41.png 300w, https:\/\/soswketrzyn.pl\/wp-content\/uploads\/2026\/03\/image-4-768x104.png 768w\" sizes=\"(max-width: 945px) 100vw, 945px\" \/><\/figure>\n\n\n\n<div class=\"wp-block-file\"><a id=\"wp-block-file--media-6dc6514e-6aaa-46e0-9dab-0c9ad381c45d\" href=\"https:\/\/soswketrzyn.pl\/wp-content\/uploads\/2026\/04\/kwiecien-2026.docx\">kwiecie\u0144 2026<\/a><a href=\"https:\/\/soswketrzyn.pl\/wp-content\/uploads\/2026\/04\/kwiecien-2026.docx\" class=\"wp-block-file__button wp-element-button\" download aria-describedby=\"wp-block-file--media-6dc6514e-6aaa-46e0-9dab-0c9ad381c45d\">Pobierz<\/a><\/div>\n\n\n\n<div class=\"wp-block-file\"><a id=\"wp-block-file--media-2433a7e0-b44e-4b94-9b66-b4452d7439e7\" href=\"https:\/\/soswketrzyn.pl\/wp-content\/uploads\/2026\/03\/harmonogram-marzec-2026.docx\">harmonogram marzec 2026<\/a><a href=\"https:\/\/soswketrzyn.pl\/wp-content\/uploads\/2026\/03\/harmonogram-marzec-2026.docx\" class=\"wp-block-file__button wp-element-button\" download aria-describedby=\"wp-block-file--media-2433a7e0-b44e-4b94-9b66-b4452d7439e7\">Pobierz<\/a><\/div>\n\n\n\n<div class=\"wp-block-file\"><a id=\"wp-block-file--media-cc704b5c-1b17-480e-b8bd-d2377600b87c\" href=\"https:\/\/soswketrzyn.pl\/wp-content\/uploads\/2026\/02\/harmonogram-luty-26.docx\">harmonogram luty 26<\/a><a href=\"https:\/\/soswketrzyn.pl\/wp-content\/uploads\/2026\/02\/harmonogram-luty-26.docx\" class=\"wp-block-file__button wp-element-button\" download aria-describedby=\"wp-block-file--media-cc704b5c-1b17-480e-b8bd-d2377600b87c\">Pobierz<\/a><\/div>\n\n\n\n<p><\/p>\n\n\n\n<figure class=\"wp-block-gallery has-nested-images columns-default is-cropped wp-block-gallery-1 is-layout-flex wp-block-gallery-is-layout-flex\">\n<figure class=\"wp-block-image size-large\"><img loading=\"lazy\" decoding=\"async\" width=\"994\" height=\"707\" data-id=\"1624\" src=\"https:\/\/soswketrzyn.pl\/wp-content\/uploads\/2026\/01\/Zrzut-ekranu-2026-01-17-092359-1.png\" alt=\"\" class=\"wp-image-1624\" srcset=\"https:\/\/soswketrzyn.pl\/wp-content\/uploads\/2026\/01\/Zrzut-ekranu-2026-01-17-092359-1.png 994w, https:\/\/soswketrzyn.pl\/wp-content\/uploads\/2026\/01\/Zrzut-ekranu-2026-01-17-092359-1-300x213.png 300w, https:\/\/soswketrzyn.pl\/wp-content\/uploads\/2026\/01\/Zrzut-ekranu-2026-01-17-092359-1-768x546.png 768w\" sizes=\"(max-width: 994px) 100vw, 994px\" \/><\/figure>\n<\/figure>\n\n\n\n<div class=\"wp-block-file\"><a id=\"wp-block-file--media-44b5de37-b011-4a26-b913-4f85e4163d0f\" href=\"https:\/\/soswketrzyn.pl\/wp-content\/uploads\/2026\/02\/harmonogram-styczen-2026-1.docx\">harmonogram stycze\u0144 2026 (1)<\/a><a href=\"https:\/\/soswketrzyn.pl\/wp-content\/uploads\/2026\/02\/harmonogram-styczen-2026-1.docx\" class=\"wp-block-file__button wp-element-button\" download aria-describedby=\"wp-block-file--media-44b5de37-b011-4a26-b913-4f85e4163d0f\">Pobierz<\/a><\/div>\n\n\n\n<p><\/p>\n\n\n\n<div class=\"wp-block-file\"><a id=\"wp-block-file--media-6aa79e9b-91a4-4b93-9a32-5fb655dc8869\" href=\"https:\/\/soswketrzyn.pl\/wp-content\/uploads\/2026\/02\/harmonogram-grudzien.docx\">harmonogram grudzie\u0144<\/a><a href=\"https:\/\/soswketrzyn.pl\/wp-content\/uploads\/2026\/02\/harmonogram-grudzien.docx\" class=\"wp-block-file__button wp-element-button\" download aria-describedby=\"wp-block-file--media-6aa79e9b-91a4-4b93-9a32-5fb655dc8869\">Pobierz<\/a><\/div>\n\n\n\n<div class=\"wp-block-file\"><a id=\"wp-block-file--media-e93f4c29-1563-4f9a-8f0a-79bea8564e14\" href=\"https:\/\/soswketrzyn.pl\/wp-content\/uploads\/2026\/02\/harmonogram-listopad-SCWEW.docx\">harmonogram listopad SCWEW<\/a><a href=\"https:\/\/soswketrzyn.pl\/wp-content\/uploads\/2026\/02\/harmonogram-listopad-SCWEW.docx\" class=\"wp-block-file__button wp-element-button\" download aria-describedby=\"wp-block-file--media-e93f4c29-1563-4f9a-8f0a-79bea8564e14\">Pobierz<\/a><\/div>\n\n\n\n<div class=\"wp-block-file\"><a id=\"wp-block-file--media-c62b6315-4021-4139-abb5-19b1fa7530e4\" href=\"https:\/\/soswketrzyn.pl\/wp-content\/uploads\/2025\/10\/PAZDZIERNIK-2025-1.docx\">PA\u0179DZIERNIK 2025 (1)<\/a><a href=\"https:\/\/soswketrzyn.pl\/wp-content\/uploads\/2025\/10\/PAZDZIERNIK-2025-1.docx\" class=\"wp-block-file__button wp-element-button\" download aria-describedby=\"wp-block-file--media-c62b6315-4021-4139-abb5-19b1fa7530e4\">Pobierz<\/a><\/div>\n\n\n\n<p><\/p>\n\n\n\n<div class=\"wp-block-file\"><a id=\"wp-block-file--media-da12d3b1-accd-4895-9881-a76a034fb339\" href=\"https:\/\/soswketrzyn.pl\/wp-content\/uploads\/2025\/05\/czerwiec-2025-harmonogram-SCWEW.docx\"><br>czerwiec 2025 harmonogram SCWEW<\/a><a href=\"https:\/\/soswketrzyn.pl\/wp-content\/uploads\/2025\/05\/czerwiec-2025-harmonogram-SCWEW.docx\" class=\"wp-block-file__button wp-element-button\" download aria-describedby=\"wp-block-file--media-da12d3b1-accd-4895-9881-a76a034fb339\">Pobierz<\/a><\/div>\n\n\n\n<figure class=\"wp-block-image size-large is-resized\"><img loading=\"lazy\" decoding=\"async\" width=\"1024\" height=\"724\" src=\"https:\/\/soswketrzyn.pl\/wp-content\/uploads\/2025\/05\/805b58905a8f9ae45ac0bd92034592cd-0-1024x724.jpg\" alt=\"\" class=\"wp-image-1288\" style=\"width:840px;height:auto\" srcset=\"https:\/\/soswketrzyn.pl\/wp-content\/uploads\/2025\/05\/805b58905a8f9ae45ac0bd92034592cd-0-1024x724.jpg 1024w, https:\/\/soswketrzyn.pl\/wp-content\/uploads\/2025\/05\/805b58905a8f9ae45ac0bd92034592cd-0-300x212.jpg 300w, https:\/\/soswketrzyn.pl\/wp-content\/uploads\/2025\/05\/805b58905a8f9ae45ac0bd92034592cd-0-768x543.jpg 768w, https:\/\/soswketrzyn.pl\/wp-content\/uploads\/2025\/05\/805b58905a8f9ae45ac0bd92034592cd-0-1536x1086.jpg 1536w, https:\/\/soswketrzyn.pl\/wp-content\/uploads\/2025\/05\/805b58905a8f9ae45ac0bd92034592cd-0-2048x1448.jpg 2048w\" sizes=\"(max-width: 1024px) 100vw, 1024px\" \/><\/figure>\n\n\n\n<figure class=\"wp-block-image size-large\"><img loading=\"lazy\" decoding=\"async\" width=\"1024\" height=\"724\" src=\"https:\/\/soswketrzyn.pl\/wp-content\/uploads\/2025\/05\/805b58905a8f9ae45ac0bd92034592cd-1-1024x724.jpg\" alt=\"\" class=\"wp-image-1289\" srcset=\"https:\/\/soswketrzyn.pl\/wp-content\/uploads\/2025\/05\/805b58905a8f9ae45ac0bd92034592cd-1-1024x724.jpg 1024w, https:\/\/soswketrzyn.pl\/wp-content\/uploads\/2025\/05\/805b58905a8f9ae45ac0bd92034592cd-1-300x212.jpg 300w, https:\/\/soswketrzyn.pl\/wp-content\/uploads\/2025\/05\/805b58905a8f9ae45ac0bd92034592cd-1-768x543.jpg 768w, https:\/\/soswketrzyn.pl\/wp-content\/uploads\/2025\/05\/805b58905a8f9ae45ac0bd92034592cd-1-1536x1086.jpg 1536w, https:\/\/soswketrzyn.pl\/wp-content\/uploads\/2025\/05\/805b58905a8f9ae45ac0bd92034592cd-1-2048x1448.jpg 2048w\" sizes=\"(max-width: 1024px) 100vw, 1024px\" \/><figcaption class=\"wp-element-caption\">Nast\u0105pi\u0142a aktualizacja planu dzia\u0142ania na czerwiec: do dzia\u0142ania 5 (prowadzenie konsultacji eksperckich dla nauczycieli, specjalist\u00f3w, pracownik\u00f3w niepedagogicznych maj\u0105cych na celu przedstawienie zasad wsp\u00f3\u0142pracy ze SCWEW w realizacji wsparcia) przeniesiono z dzia\u0142ania 4 (umieszczone omy\u0142kowo): wizyt\u0119 w plac\u00f3wkach i spotkania z pracownikami: 24.06.2025, godz. 14.00 &#8211; Szko\u0142a Podstawowa w Garbnie im. Zas\u0142u\u017conych dla Warmii i Mazur, przeniesiono i zmieniono dat\u0119 (ze wzgl\u0119d\u00f3w organizacyjnych): 23.06.2025, godz. 15.30 &#8211; Szko\u0142a Podstawowa im. Feliksa Nowowiejskiego w K\u0119trzynie, 30.06.2025 &#8211; Przedszkole Miejskie w Korszach.<\/figcaption><\/figure>\n\n\n\n<figure class=\"wp-block-image size-large is-resized\"><img loading=\"lazy\" decoding=\"async\" width=\"1024\" height=\"725\" src=\"https:\/\/soswketrzyn.pl\/wp-content\/uploads\/2025\/07\/harmonogram-lipiec-1024x725.jpg\" alt=\"\" class=\"wp-image-1439\" style=\"width:840px;height:auto\" srcset=\"https:\/\/soswketrzyn.pl\/wp-content\/uploads\/2025\/07\/harmonogram-lipiec-1024x725.jpg 1024w, https:\/\/soswketrzyn.pl\/wp-content\/uploads\/2025\/07\/harmonogram-lipiec-300x212.jpg 300w, https:\/\/soswketrzyn.pl\/wp-content\/uploads\/2025\/07\/harmonogram-lipiec-768x544.jpg 768w, https:\/\/soswketrzyn.pl\/wp-content\/uploads\/2025\/07\/harmonogram-lipiec.jpg 1398w\" sizes=\"(max-width: 1024px) 100vw, 1024px\" \/><\/figure>\n\n\n\n<p><\/p>\n\n\n\n<figure class=\"wp-block-image size-large\"><img loading=\"lazy\" decoding=\"async\" width=\"1024\" height=\"722\" src=\"https:\/\/soswketrzyn.pl\/wp-content\/uploads\/2025\/07\/harmonogram-lipiec2-1024x722.jpg\" alt=\"\" class=\"wp-image-1441\" srcset=\"https:\/\/soswketrzyn.pl\/wp-content\/uploads\/2025\/07\/harmonogram-lipiec2-1024x722.jpg 1024w, https:\/\/soswketrzyn.pl\/wp-content\/uploads\/2025\/07\/harmonogram-lipiec2-300x212.jpg 300w, https:\/\/soswketrzyn.pl\/wp-content\/uploads\/2025\/07\/harmonogram-lipiec2-768x541.jpg 768w, https:\/\/soswketrzyn.pl\/wp-content\/uploads\/2025\/07\/harmonogram-lipiec2.jpg 1400w\" sizes=\"(max-width: 1024px) 100vw, 1024px\" \/><\/figure>\n\n\n\n<p><\/p>\n","protected":false},"excerpt":{"rendered":"","protected":false},"author":1,"featured_media":1557,"parent":0,"menu_order":0,"comment_status":"closed","ping_status":"closed","template":"","meta":{"footnotes":""},"class_list":["post-1216","page","type-page","status-publish","has-post-thumbnail","hentry"],"_links":{"self":[{"href":"https:\/\/soswketrzyn.pl\/index.php\/wp-json\/wp\/v2\/pages\/1216"}],"collection":[{"href":"https:\/\/soswketrzyn.pl\/index.php\/wp-json\/wp\/v2\/pages"}],"about":[{"href":"https:\/\/soswketrzyn.pl\/index.php\/wp-json\/wp\/v2\/types\/page"}],"author":[{"embeddable":true,"href":"https:\/\/soswketrzyn.pl\/index.php\/wp-json\/wp\/v2\/users\/1"}],"replies":[{"embeddable":true,"href":"https:\/\/soswketrzyn.pl\/index.php\/wp-json\/wp\/v2\/comments?post=1216"}],"version-history":[{"count":19,"href":"https:\/\/soswketrzyn.pl\/index.php\/wp-json\/wp\/v2\/pages\/1216\/revisions"}],"predecessor-version":[{"id":1742,"href":"https:\/\/soswketrzyn.pl\/index.php\/wp-json\/wp\/v2\/pages\/1216\/revisions\/1742"}],"wp:featuredmedia":[{"embeddable":true,"href":"https:\/\/soswketrzyn.pl\/index.php\/wp-json\/wp\/v2\/media\/1557"}],"wp:attachment":[{"href":"https:\/\/soswketrzyn.pl\/index.php\/wp-json\/wp\/v2\/media?parent=1216"}],"curies":[{"name":"wp","href":"https:\/\/api.w.org\/{rel}","templated":true}]}}