{"id":1215,"date":"2025-05-21T17:59:49","date_gmt":"2025-05-21T15:59:49","guid":{"rendered":"https:\/\/soswketrzyn.pl\/?page_id=1215"},"modified":"2026-03-08T11:07:18","modified_gmt":"2026-03-08T10:07:18","slug":"wypozyczalnia","status":"publish","type":"page","link":"https:\/\/soswketrzyn.pl\/index.php\/wypozyczalnia\/","title":{"rendered":"Wypo\u017cyczalnia"},"content":{"rendered":"\n<figure class=\"wp-block-image size-full\"><img loading=\"lazy\" decoding=\"async\" width=\"945\" height=\"128\" src=\"https:\/\/soswketrzyn.pl\/wp-content\/uploads\/2026\/03\/image-3.png\" alt=\"\" class=\"wp-image-1701\" srcset=\"https:\/\/soswketrzyn.pl\/wp-content\/uploads\/2026\/03\/image-3.png 945w, https:\/\/soswketrzyn.pl\/wp-content\/uploads\/2026\/03\/image-3-300x41.png 300w, https:\/\/soswketrzyn.pl\/wp-content\/uploads\/2026\/03\/image-3-768x104.png 768w\" sizes=\"(max-width: 945px) 100vw, 945px\" \/><\/figure>\n\n\n\n<div class=\"wp-block-file\"><a id=\"wp-block-file--media-8ba095ac-e88f-448a-8fcf-a5920d2d5511\" href=\"https:\/\/soswketrzyn.pl\/wp-content\/uploads\/2025\/12\/Regulamin-wypozyczalni.docx\">Regulamin wypo\u017cyczalni<\/a><a href=\"https:\/\/soswketrzyn.pl\/wp-content\/uploads\/2025\/12\/Regulamin-wypozyczalni.docx\" class=\"wp-block-file__button wp-element-button\" download aria-describedby=\"wp-block-file--media-8ba095ac-e88f-448a-8fcf-a5920d2d5511\">Pobierz<\/a><\/div>\n\n\n\n<div class=\"wp-block-file\"><a id=\"wp-block-file--media-a0cd01b5-b67c-4aea-99d9-9d8562d0c2f4\" href=\"https:\/\/soswketrzyn.pl\/wp-content\/uploads\/2026\/03\/ewidencja-najnowsza-2.docx\">ewidencja sprz\u0119tu znajduj\u0105cego si\u0119 na wyposa\u017ceniu wypo\u017cyczalni<\/a><a href=\"https:\/\/soswketrzyn.pl\/wp-content\/uploads\/2026\/03\/ewidencja-najnowsza-2.docx\" class=\"wp-block-file__button wp-element-button\" download aria-describedby=\"wp-block-file--media-a0cd01b5-b67c-4aea-99d9-9d8562d0c2f4\">Pobierz<\/a><\/div>\n\n\n\n<p class=\"has-black-color has-white-background-color has-text-color has-background has-link-color has-x-large-font-size wp-elements-63248a4a4b628e19425c8708f5374436\"><\/p>\n\n\n\n<p><\/p>\n\n\n\n<p><\/p>\n\n\n\n<details class=\"wp-block-details is-layout-flow wp-block-details-is-layout-flow\"><summary>Wypo\u017cyczalnia sprz\u0119tu specjalistycznego, technologii asystuj\u0105cych i&nbsp;pomocy dydaktycznych to&nbsp;jedno z&nbsp;kluczowych dzia\u0142a\u0144 SCWEW. Us\u0142uga skierowana jest do szk\u00f3\u0142 og\u00f3lnodost\u0119pnych i przedszkoli obj\u0119tych wsparciem. W tym wypadku do: Technikum nr 2 w Powiatowym Centrum Edukacyjnym w K\u0119trzynie, Technikum w Zespole Szk\u00f3\u0142 im. Macieja Rataja w Reszlu, Szko\u0142y Podstawowej nr 1 im. F. Nowowiejskiego w K\u0119trzynie, Szko\u0142y Podstawowej im. Zas\u0142u\u017conych dla Warmii i Mazur w Garbnie, Przedszkola Miejskiego w Korszach. <br>Wypo\u017cyczalnia SCWEW to&nbsp;zas\u00f3b, kt\u00f3ry&nbsp;<strong>wspiera budowanie dost\u0119pnej szko\u0142y i&nbsp;poprawia funkcjonowanie uczni\u00f3w o&nbsp;zr\u00f3\u017cnicowanych potrzebach<\/strong>. Dzi\u0119ki niej nauczyciele i&nbsp;specjali\u015bci zyskuj\u0105 dost\u0119p do&nbsp;narz\u0119dzi umo\u017cliwiaj\u0105cych jeszcze skuteczniejsze prowadzenie zaj\u0119\u0107, a&nbsp;uczniowie&nbsp;\u2013 wi\u0119ksze szanse na&nbsp;sukces edukacyjny. (#FunduszeUE #FunduszeEuropejskie #SCWEW #ORE)<br><br>Opiek\u0119 nad wypo\u017cyczalni\u0105 sprawuje Pani Iwona \u0141onyszyn. Wypo\u017cyczalnia jest czynna poniedzia\u0142ki: 9.40-10.30, \u015broda 13.05 \u2013 14.05, czwartek, 15.40-16.40, pi\u0105tek 9.00-10.00 lub po wcze\u015bniejszym kontakcie telefonicznym lub mailowym. Numerem telefonu: 897512355, adres e-mail: scwew@soswketrzyn.pl.<\/summary>\n<p><\/p>\n<\/details>\n\n\n\n<figure class=\"wp-block-image size-large\"><img loading=\"lazy\" decoding=\"async\" width=\"768\" height=\"1024\" src=\"https:\/\/soswketrzyn.pl\/wp-content\/uploads\/2026\/02\/PHOTO-2026-02-11-14-23-10-1-768x1024.jpg\" alt=\"\" class=\"wp-image-1648\" srcset=\"https:\/\/soswketrzyn.pl\/wp-content\/uploads\/2026\/02\/PHOTO-2026-02-11-14-23-10-1-768x1024.jpg 768w, https:\/\/soswketrzyn.pl\/wp-content\/uploads\/2026\/02\/PHOTO-2026-02-11-14-23-10-1-225x300.jpg 225w, https:\/\/soswketrzyn.pl\/wp-content\/uploads\/2026\/02\/PHOTO-2026-02-11-14-23-10-1-1152x1536.jpg 1152w, https:\/\/soswketrzyn.pl\/wp-content\/uploads\/2026\/02\/PHOTO-2026-02-11-14-23-10-1.jpg 1200w\" sizes=\"(max-width: 768px) 100vw, 768px\" \/><\/figure>\n\n\n\n<figure class=\"wp-block-image size-large\"><img loading=\"lazy\" decoding=\"async\" width=\"768\" height=\"1024\" src=\"https:\/\/soswketrzyn.pl\/wp-content\/uploads\/2026\/02\/IMG_1186-1-768x1024.jpeg\" alt=\"\" class=\"wp-image-1649\" srcset=\"https:\/\/soswketrzyn.pl\/wp-content\/uploads\/2026\/02\/IMG_1186-1-768x1024.jpeg 768w, https:\/\/soswketrzyn.pl\/wp-content\/uploads\/2026\/02\/IMG_1186-1-225x300.jpeg 225w, https:\/\/soswketrzyn.pl\/wp-content\/uploads\/2026\/02\/IMG_1186-1-1152x1536.jpeg 1152w, https:\/\/soswketrzyn.pl\/wp-content\/uploads\/2026\/02\/IMG_1186-1-1536x2048.jpeg 1536w, https:\/\/soswketrzyn.pl\/wp-content\/uploads\/2026\/02\/IMG_1186-1-scaled.jpeg 1920w\" sizes=\"(max-width: 768px) 100vw, 768px\" \/><\/figure>\n\n\n\n<figure class=\"wp-block-image size-large\"><img loading=\"lazy\" decoding=\"async\" width=\"768\" height=\"1024\" src=\"https:\/\/soswketrzyn.pl\/wp-content\/uploads\/2026\/02\/IMG_1190-768x1024.jpeg\" alt=\"\" class=\"wp-image-1650\" srcset=\"https:\/\/soswketrzyn.pl\/wp-content\/uploads\/2026\/02\/IMG_1190-768x1024.jpeg 768w, https:\/\/soswketrzyn.pl\/wp-content\/uploads\/2026\/02\/IMG_1190-225x300.jpeg 225w, https:\/\/soswketrzyn.pl\/wp-content\/uploads\/2026\/02\/IMG_1190-1152x1536.jpeg 1152w, https:\/\/soswketrzyn.pl\/wp-content\/uploads\/2026\/02\/IMG_1190-1536x2048.jpeg 1536w, https:\/\/soswketrzyn.pl\/wp-content\/uploads\/2026\/02\/IMG_1190-scaled.jpeg 1920w\" sizes=\"(max-width: 768px) 100vw, 768px\" \/><\/figure>\n\n\n\n<figure class=\"wp-block-image size-large\"><img loading=\"lazy\" decoding=\"async\" width=\"1024\" height=\"771\" src=\"https:\/\/soswketrzyn.pl\/wp-content\/uploads\/2026\/02\/IMG_20260209_111854-1024x771.jpg\" alt=\"\" class=\"wp-image-1651\" srcset=\"https:\/\/soswketrzyn.pl\/wp-content\/uploads\/2026\/02\/IMG_20260209_111854-1024x771.jpg 1024w, https:\/\/soswketrzyn.pl\/wp-content\/uploads\/2026\/02\/IMG_20260209_111854-300x226.jpg 300w, https:\/\/soswketrzyn.pl\/wp-content\/uploads\/2026\/02\/IMG_20260209_111854-768x578.jpg 768w, https:\/\/soswketrzyn.pl\/wp-content\/uploads\/2026\/02\/IMG_20260209_111854-1536x1157.jpg 1536w, https:\/\/soswketrzyn.pl\/wp-content\/uploads\/2026\/02\/IMG_20260209_111854-2048x1542.jpg 2048w\" sizes=\"(max-width: 1024px) 100vw, 1024px\" \/><\/figure>\n\n\n\n<figure class=\"wp-block-image size-large\"><img loading=\"lazy\" decoding=\"async\" width=\"1024\" height=\"768\" src=\"https:\/\/soswketrzyn.pl\/wp-content\/uploads\/2026\/02\/890eefc1-86c6-4fab-9e32-3422c0510d59-1-1024x768.jpg\" alt=\"\" class=\"wp-image-1652\" srcset=\"https:\/\/soswketrzyn.pl\/wp-content\/uploads\/2026\/02\/890eefc1-86c6-4fab-9e32-3422c0510d59-1-1024x768.jpg 1024w, https:\/\/soswketrzyn.pl\/wp-content\/uploads\/2026\/02\/890eefc1-86c6-4fab-9e32-3422c0510d59-1-300x225.jpg 300w, https:\/\/soswketrzyn.pl\/wp-content\/uploads\/2026\/02\/890eefc1-86c6-4fab-9e32-3422c0510d59-1-768x576.jpg 768w, https:\/\/soswketrzyn.pl\/wp-content\/uploads\/2026\/02\/890eefc1-86c6-4fab-9e32-3422c0510d59-1-1536x1152.jpg 1536w, https:\/\/soswketrzyn.pl\/wp-content\/uploads\/2026\/02\/890eefc1-86c6-4fab-9e32-3422c0510d59-1.jpg 2000w\" sizes=\"(max-width: 1024px) 100vw, 1024px\" \/><\/figure>\n\n\n\n<figure class=\"wp-block-image size-large\"><img loading=\"lazy\" decoding=\"async\" width=\"1024\" height=\"473\" src=\"https:\/\/soswketrzyn.pl\/wp-content\/uploads\/2026\/02\/6d8101b4-3504-4d15-84af-dd4281b760e9-1024x473.jpg\" alt=\"\" class=\"wp-image-1653\" srcset=\"https:\/\/soswketrzyn.pl\/wp-content\/uploads\/2026\/02\/6d8101b4-3504-4d15-84af-dd4281b760e9-1024x473.jpg 1024w, https:\/\/soswketrzyn.pl\/wp-content\/uploads\/2026\/02\/6d8101b4-3504-4d15-84af-dd4281b760e9-300x139.jpg 300w, https:\/\/soswketrzyn.pl\/wp-content\/uploads\/2026\/02\/6d8101b4-3504-4d15-84af-dd4281b760e9-768x355.jpg 768w, https:\/\/soswketrzyn.pl\/wp-content\/uploads\/2026\/02\/6d8101b4-3504-4d15-84af-dd4281b760e9-1536x709.jpg 1536w, https:\/\/soswketrzyn.pl\/wp-content\/uploads\/2026\/02\/6d8101b4-3504-4d15-84af-dd4281b760e9.jpg 2040w\" sizes=\"(max-width: 1024px) 100vw, 1024px\" \/><\/figure>\n","protected":false},"excerpt":{"rendered":"","protected":false},"author":1,"featured_media":1686,"parent":0,"menu_order":0,"comment_status":"closed","ping_status":"closed","template":"","meta":{"footnotes":""},"class_list":["post-1215","page","type-page","status-publish","has-post-thumbnail","hentry"],"_links":{"self":[{"href":"https:\/\/soswketrzyn.pl\/index.php\/wp-json\/wp\/v2\/pages\/1215"}],"collection":[{"href":"https:\/\/soswketrzyn.pl\/index.php\/wp-json\/wp\/v2\/pages"}],"about":[{"href":"https:\/\/soswketrzyn.pl\/index.php\/wp-json\/wp\/v2\/types\/page"}],"author":[{"embeddable":true,"href":"https:\/\/soswketrzyn.pl\/index.php\/wp-json\/wp\/v2\/users\/1"}],"replies":[{"embeddable":true,"href":"https:\/\/soswketrzyn.pl\/index.php\/wp-json\/wp\/v2\/comments?post=1215"}],"version-history":[{"count":8,"href":"https:\/\/soswketrzyn.pl\/index.php\/wp-json\/wp\/v2\/pages\/1215\/revisions"}],"predecessor-version":[{"id":1702,"href":"https:\/\/soswketrzyn.pl\/index.php\/wp-json\/wp\/v2\/pages\/1215\/revisions\/1702"}],"wp:featuredmedia":[{"embeddable":true,"href":"https:\/\/soswketrzyn.pl\/index.php\/wp-json\/wp\/v2\/media\/1686"}],"wp:attachment":[{"href":"https:\/\/soswketrzyn.pl\/index.php\/wp-json\/wp\/v2\/media?parent=1215"}],"curies":[{"name":"wp","href":"https:\/\/api.w.org\/{rel}","templated":true}]}}