{"id":1213,"date":"2025-05-21T17:59:49","date_gmt":"2025-05-21T15:59:49","guid":{"rendered":"https:\/\/soswketrzyn.pl\/?page_id=1213"},"modified":"2025-05-30T18:29:39","modified_gmt":"2025-05-30T16:29:39","slug":"kadra","status":"publish","type":"page","link":"https:\/\/soswketrzyn.pl\/index.php\/kadra\/","title":{"rendered":"Kadra"},"content":{"rendered":"\n<p>SCWEW K\u0119trzyn to miejsce, w kt\u00f3rym wiedza, do\u015bwiadczenie i zaanga\u017cowanie spotykaj\u0105 si\u0119 z realn\u0105 potrzeb\u0105 zmiany w podej\u015bciu do ucznia o zr\u00f3\u017cnicowanych potrzebach edukacyjnych. Nasz zesp\u00f3\u0142 tworz\u0105 ekspertki, kt\u00f3re \u0142\u0105czy pasja, profesjonalizm i gotowo\u015b\u0107 do dzia\u0142ania:<\/p>\n\n\n\n<p>&nbsp;Aneta Dunaj \u2013 lider SCWEW K\u0119trzyn<\/p>\n\n\n\n<p>Nauczyciel dyplomowany z 23-letnim sta\u017cem w edukacji specjalnej. Oligofrenopedagog, logopeda, diagnosta i terapeuta metody Tomatisa. Dyrektor SOSW w K\u0119trzynie i doradca metodyczny z zakresu kszta\u0142cenia specjalnego. Posiada r\u00f3wnie\u017c kwalifikacje z zarz\u0105dzania o\u015bwiat\u0105 oraz do\u015bwiadczenie w prowadzeniu sieci wsp\u00f3\u0142pracy nauczycieli i specjalist\u00f3w. To w\u0142a\u015bnie ona koordynuje dzia\u0142ania SCWEW z ogromnym zaanga\u017cowaniem i dba\u0142o\u015bci\u0105 o jako\u015b\u0107 wsparcia.<\/p>\n\n\n\n<p>Dorota Korneluk \u2013 ekspert<\/p>\n\n\n\n<p>Z 25-letnim do\u015bwiadczeniem w pracy pedagogicznej, od 7 lat pe\u0142ni funkcj\u0119 kierownicz\u0105 w szkolnictwie specjalnym. Doradca metodyczny, specjalizuj\u0105cy si\u0119 w przedmiotach zawodowych. Oligofrenopedagog i nauczyciel w szkole bran\u017cowej. Diagnosta i terapeuta metody Johansena,&nbsp; a tak\u017ce entuzjastka nowoczesnych technologii w edukacji. Wspiera nauczycieli w rozwijaniu kompetencji w zakresie edukacji w\u0142\u0105czaj\u0105cej.<\/p>\n\n\n\n<p>Iwona \u0141onyszyn \u2013 ekspert<\/p>\n\n\n\n<p>Neurologopeda, surdopedagog, oligofrenopedagog,&nbsp; oraz terapeuta AAC. Od 14 lat pracuje z dzie\u0107mi z autyzmem, niepe\u0142nosprawno\u015bciami i trudno\u015bciami w przetwarzaniu s\u0142uchowym. Specjalizuje si\u0119 we wczesnym wspomaganiu rozwoju, terapii mowy i komunikacji alternatywnej. W swojej pracy \u0142\u0105czy do\u015bwiadczenie z empatycznym podej\u015bciem do ka\u017cdego dziecka.<\/p>\n\n\n\n<p>Magdalena Tomaszewicz \u2013 ekspert<\/p>\n\n\n\n<p>Posiada 7-letnie do\u015bwiadczenie w pracy z dzie\u0107mi i m\u0142odzie\u017c\u0105 z orzeczeniami o potrzebie kszta\u0142cenia specjalnego, w tym z autyzmem, zespo\u0142em Aspergera, niepe\u0142nosprawno\u015bci\u0105 intelektualn\u0105 czy specyficznymi trudno\u015bciami w uczeniu si\u0119. Uczy j\u0119zyka polskiego, przedmiot\u00f3w zawodowych oraz prowadzi zaj\u0119cia TUS. Z du\u017cym wyczuciem wspiera swoich uczni\u00f3w w codziennym funkcjonowaniu szkolnym i spo\u0142ecznym.<\/p>\n\n\n\n<p>Marta Bil \u2013 ekspert<\/p>\n\n\n\n<p>Nauczyciel dyplomowany z ponad 20-letnim do\u015bwiadczeniem w pracy z dzie\u0107mi z zaburzeniami rozwoju, niepe\u0142nosprawno\u015bciami i trudno\u015bciami w uczeniu si\u0119. Oligofrenopedagog, terapeuta pedagogiczny, diagnosta i terapeuta metody Tomatisa. Prowadzi treningi umiej\u0119tno\u015bci spo\u0142ecznych, Terapi\u0119 R\u0119ki, Sensoplastyk\u0119 oraz komunikacj\u0119 alternatywn\u0105 i wspomagaj\u0105c\u0105 (AAC). Skuteczna, empatyczna i zawsze gotowa do dzia\u0142ania.<\/p>\n\n\n\n<p>\ud83d\udcac SCWEW K\u0119trzyn to nie tylko plac\u00f3wka wspieraj\u0105ca \u2013 to zesp\u00f3\u0142 ludzi, kt\u00f3rzy wierz\u0105, \u017ce ka\u017cdy ucze\u0144 ma prawo do rozwoju na miar\u0119 swoich mo\u017cliwo\u015bci. Dzi\u0119ki wsp\u00f3\u0142pracy z nauczycielami i rodzicami wsp\u00f3lnie tworzymy przestrze\u0144 dla prawdziwie w\u0142\u0105czaj\u0105cej edukacji.<\/p>\n\n\n\n<p>Dzia\u0142amy na terenie powiatu k\u0119trzy\u0144skiego.<\/p>\n\n\n\n<p>Jeste\u015bmy tu, by wspiera\u0107 \u2013 z wiedz\u0105, do\u015bwiadczeniem i otwarto\u015bci\u0105.<\/p>\n\n\n\n<figure class=\"wp-block-image size-large is-style-default\"><img loading=\"lazy\" decoding=\"async\" width=\"683\" height=\"1024\" src=\"https:\/\/soswketrzyn.pl\/wp-content\/uploads\/2025\/05\/Kadra-SCWEW-683x1024.jpeg\" alt=\"\" class=\"wp-image-1296\" srcset=\"https:\/\/soswketrzyn.pl\/wp-content\/uploads\/2025\/05\/Kadra-SCWEW-683x1024.jpeg 683w, https:\/\/soswketrzyn.pl\/wp-content\/uploads\/2025\/05\/Kadra-SCWEW-200x300.jpeg 200w, https:\/\/soswketrzyn.pl\/wp-content\/uploads\/2025\/05\/Kadra-SCWEW-768x1152.jpeg 768w, https:\/\/soswketrzyn.pl\/wp-content\/uploads\/2025\/05\/Kadra-SCWEW-1024x1536.jpeg 1024w, https:\/\/soswketrzyn.pl\/wp-content\/uploads\/2025\/05\/Kadra-SCWEW.jpeg 1365w\" sizes=\"(max-width: 683px) 100vw, 683px\" \/><figcaption class=\"wp-element-caption\">Kadra SCWEW (od lewej):<br>Iwona \u0141onyszyn &#8211; koordynator,<br>Magdalena Tomaszewicz &#8211; koordynator,<br>Aneta Dunaj &#8211; lider,<br>Marta Bil &#8211; koordynator,<br>Dorota Korneluk &#8211; koordynator<\/figcaption><\/figure>\n\n\n\n<p><\/p>\n","protected":false},"excerpt":{"rendered":"<p>SCWEW K\u0119trzyn to miejsce, w kt\u00f3rym wiedza, do\u015bwiadczenie i zaanga\u017cowanie spotykaj\u0105 si\u0119 z realn\u0105 potrzeb\u0105 zmiany w podej\u015bciu do ucznia &hellip; <\/p>\n","protected":false},"author":1,"featured_media":0,"parent":0,"menu_order":0,"comment_status":"closed","ping_status":"closed","template":"","meta":{"footnotes":""},"class_list":["post-1213","page","type-page","status-publish","hentry"],"_links":{"self":[{"href":"https:\/\/soswketrzyn.pl\/index.php\/wp-json\/wp\/v2\/pages\/1213"}],"collection":[{"href":"https:\/\/soswketrzyn.pl\/index.php\/wp-json\/wp\/v2\/pages"}],"about":[{"href":"https:\/\/soswketrzyn.pl\/index.php\/wp-json\/wp\/v2\/types\/page"}],"author":[{"embeddable":true,"href":"https:\/\/soswketrzyn.pl\/index.php\/wp-json\/wp\/v2\/users\/1"}],"replies":[{"embeddable":true,"href":"https:\/\/soswketrzyn.pl\/index.php\/wp-json\/wp\/v2\/comments?post=1213"}],"version-history":[{"count":3,"href":"https:\/\/soswketrzyn.pl\/index.php\/wp-json\/wp\/v2\/pages\/1213\/revisions"}],"predecessor-version":[{"id":1302,"href":"https:\/\/soswketrzyn.pl\/index.php\/wp-json\/wp\/v2\/pages\/1213\/revisions\/1302"}],"wp:attachment":[{"href":"https:\/\/soswketrzyn.pl\/index.php\/wp-json\/wp\/v2\/media?parent=1213"}],"curies":[{"name":"wp","href":"https:\/\/api.w.org\/{rel}","templated":true}]}}