{"id":111,"date":"2023-04-05T10:20:50","date_gmt":"2023-04-05T08:20:50","guid":{"rendered":"http:\/\/soswketrzyn.pl\/?page_id=111"},"modified":"2023-04-27T16:12:01","modified_gmt":"2023-04-27T14:12:01","slug":"historia-szkoly","status":"publish","type":"page","link":"https:\/\/soswketrzyn.pl\/index.php\/historia-szkoly\/","title":{"rendered":"Historia O\u015brodka"},"content":{"rendered":"\n<p><\/p>\n\n\n\n<p>&#8222;Ka\u017cdy cz\u0142owiek ma prawo miejsca w spo\u0142ecze\u0144stwie i do osobistego szcz\u0119\u015bcia&#8221; M. Grzegorzewska<\/p>\n\n\n\n<p>Historia powstania O\u015brodka si\u0119ga ju\u017c roku 1945, kiedy to po wyzwoleniu powsta\u0142 w K\u0119trzynie Dom Dziecka. Znalaz\u0142y w nim opiek\u0119 sieroty naturalne i spo\u0142eczne oraz dzieci z niedorozwojem umys\u0142owym.<\/p>\n\n\n\n<p>KALENDARIUM O\u015aRODKA:<\/p>\n\n\n\n<p>1947r. Na polecenie Kuratorium Okr\u0119gu Szkolnego w Olsztynie Dom Dziecka przemianowany zosta\u0142 na Pa\u0144stwowy Zak\u0142ad Wychowawczy. Pierwszym dyrektorem by\u0142 Piotr Nawr\u00f3t, absolwent Instytutu P edagogiki Specjalnej, jedyny w\u00f3wczas pedagog z przygotowaniem fachowym. Zorganizowa\u0142 on 7-klasow\u0105 Szko\u0142\u0119 Podstawow\u0105. Zapoznawa\u0142 nauczycieli i wychowawc\u00f3w z zasadami i metodami pracy z dzieckiem upo\u015bledzonym.<\/p>\n\n\n\n<p>1951r. Przy PZW powsta\u0142a Szko\u0142a Zawodowa z nast\u0119puj\u0105cymi kierunkami kszta\u0142cenia: krawiectwo, szewstwo, \u015blusarstwo i piekarstwo. Mimo trudnych warunk\u00f3w lokalowo &#8211; materi alnych sprawnie dzia\u0142a\u0142y warsztat krawiecki i \u015blusarski.<\/p>\n\n\n\n<p>1952r. W Zak\u0142adzie wybuch\u0142 po\u017car niszcz\u0105c w znacznym stopniu budynek plac\u00f3wki. Zaj\u0119cia dydaktyczne z tego powodu odbywa\u0142y si\u0119 po po\u0142udniu w Szkole Podstawowej nr 2.<\/p>\n\n\n\n<p>1954r. &#8222;Wychowanie przez prac\u0119&#8221;. M\u0142odzie\u017c i pracownicy przyst\u0105pili do remontu pomieszcze\u0144 po po\u017carze, budowy stolarni i wyposa\u017cania pomieszcze\u0144 w odpowiedni sprz\u0119t. Wychowankowie znale\u017ali w miar\u0119 dogodne warunki do nauki i zdobywania zawodu. Plac\u00f3wka nawi\u0105za\u0142a kontakt z Pa\u0144stwowym Instytutem Pedagogiki Specjalnej w Warszawie. Studenci tego Instytutu odbywaj\u0105c w Zak\u0142adzie praktyki, przybli\u017cali pracownikom fachow\u0105 wiedz\u0119 z zakresu pedagogiki specjalnej.<\/p>\n\n\n\n<p>1961r. Zak\u0142ad przeniesiono do wyremontowanych budynk\u00f3w przy ul. Sikorskiego 76 (obecnie). Urz\u0105dzono warsztaty stolarski i \u015blusarski. Zaadaptowany obiekt wymaga\u0142 nadal bie\u017c\u0105cych remont\u00f3w dlatego przy Szkole Podstawowej utworzono dla m\u0142odzie\u017cy przero\u015bni\u0119tej wiekowo kierunek malarz budowlany.<\/p>\n\n\n\n<p>1967r. Na wniosek Kuratorium Okr\u0119gu Szkolnego dot\u0105d Pa\u0144stwowy Zak\u0142ad Wychowawczy przemianowany zosta\u0142 na Specjalny O\u015brodek Szkolno-Wychowawczy.<\/p>\n\n\n\n<p>1968-1970r. Trwa\u0142a budowa stadionu szkolnego. Pracowali przy jego powstawaniu m\u0142odzie\u017c i pracownicy O\u015brodka.<\/p>\n\n\n\n<p>1973r. W Szkole Zawodowej powsta\u0142 kierunek rolnik &#8211; o trzyletnim okresie kszta\u0142cenia. Baz\u0105 szkoleniow\u0105 by\u0142 w\u0142asny ogr\u00f3d. Patronat nad O\u015brodkiem obj\u0119\u0142a jednostka WOP.<\/p>\n\n\n\n<p>1992r. Funkcj\u0119 dyrektora O\u015brodka obj\u0105\u0142 mgr Stanis\u0142aw Wachnik.<\/p>\n\n\n\n<p>1997r. W Szkole Zawodowej otworzono kierunek kucharski. W internacie zorganizowano pierwsze grupy dla dziewcz\u0105t.<\/p>\n\n\n\n<p>1999r. W Szkole Zawodowej otworzono kierunek budowlany. W O\u015brodku powstaje Gimnazjum Specjalne.<\/p>\n\n\n\n<p>2002r. Otwarcie pierwszej Pracowni Komputerowej. Wyposa\u017cenie Gabinetu Logopedycznego w zestaw komputerowy i profesjonalne programy do wspomagania rozwoju mowy.<\/p>\n\n\n\n<p>2003r. Powstanie Stowarzyszenia na Rzecz Dzieci i Doros\u0142ych Niepe\u0142nosprawnych Umys\u0142owo i ich Rodzin w K\u0119trzynie &#8222;STO&#8221;. Za\u0142o\u017cenie Zespo\u0142u Muzycznego &#8222;Malowani T\u0119cz\u0105&#8221;. Utworzenie Ko\u0142a Ekologicznego &#8222;Skrzaty&#8221;. &#8222;Reklama Dzieciom&#8217; &#8211; wyposa\u017cenie gabinetu gimnastyki korekcyjnej w sprz\u0119t sportowy i rehabilitacyjny &#8211; projekt TVP.<\/p>\n\n\n\n<p>2004r. Realizacja Programu Wyr\u00f3wnywanie r\u00f3\u017cnic mi\u0119dzy regionami na likwidacj\u0119 barier transportowych &#8211; zakup pojazdu do przewozu os\u00f3b niepe\u0142nosprawnych. Przyst\u0105pienie do projektu &#8222;Szko\u0142a Promuj\u0105ca Zdrowie&#8221;.<\/p>\n\n\n\n<p>2005r. Remont kapitalny bloku sanitarnego na parterze szko\u0142y i w Internacie. Utworzenie SSPP dla uczni\u00f3w upo\u015bledzonych umys\u0142owo w stopniu umiarkowanym i znacznym. Utworzenie Zespo\u0142u Ekologicznego. Uzyskanie funduszy na cele ekologiczne z Fundacji Ochrony Wielkich Jezior Mazurskich w Gi\u017cycku. Otwarcie nowoczesnej Pracowni Komputerowej i Pracowni Multimedialnej.<\/p>\n\n\n\n<p>2006r. Wzbogacenie bazy dydaktycznej, rehabilitacyjnej i socjalnej O\u015brodka ze \u015brodk\u00f3w PFRON, EFS, Powiat K\u0119trzy\u0144ski na kwot\u0119 ponad 1,5 mln z\u0142. Pozyskanie sprz\u0119tu do diagnozy i terapii Metod\u0105 Tomatisa. &#8222;Reklama Dzieciom&#8221; &#8211; realizacja projektu TVP modernizacja pomieszczenia Zespo\u0142u Edukacyjno &#8211; Terapeutycznego. Utworzenie Ko\u0142a Redakcyjnego &#8211; &#8222;Szkolne Pisemko &#8211; HEJA&#8221;. Uzyskanie Aktu Przynale\u017cno\u015bci do grupy szk\u00f3\u0142 i plac\u00f3wek ubiegaj\u0105cych si\u0119 o Certyfikat Warmi\u0144sko &#8211; Mazurskiego Kuratora O\u015bwiaty &#8222;Szko\u0142a Promuj\u0105ca Zdrowie&#8221;.<\/p>\n","protected":false},"excerpt":{"rendered":"<p>&#8222;Ka\u017cdy cz\u0142owiek ma prawo miejsca w spo\u0142ecze\u0144stwie i do osobistego szcz\u0119\u015bcia&#8221; M. Grzegorzewska Historia powstania O\u015brodka si\u0119ga ju\u017c roku 1945, &hellip; <\/p>\n","protected":false},"author":1,"featured_media":0,"parent":0,"menu_order":0,"comment_status":"closed","ping_status":"closed","template":"","meta":{"footnotes":""},"class_list":["post-111","page","type-page","status-publish","hentry"],"_links":{"self":[{"href":"https:\/\/soswketrzyn.pl\/index.php\/wp-json\/wp\/v2\/pages\/111"}],"collection":[{"href":"https:\/\/soswketrzyn.pl\/index.php\/wp-json\/wp\/v2\/pages"}],"about":[{"href":"https:\/\/soswketrzyn.pl\/index.php\/wp-json\/wp\/v2\/types\/page"}],"author":[{"embeddable":true,"href":"https:\/\/soswketrzyn.pl\/index.php\/wp-json\/wp\/v2\/users\/1"}],"replies":[{"embeddable":true,"href":"https:\/\/soswketrzyn.pl\/index.php\/wp-json\/wp\/v2\/comments?post=111"}],"version-history":[{"count":3,"href":"https:\/\/soswketrzyn.pl\/index.php\/wp-json\/wp\/v2\/pages\/111\/revisions"}],"predecessor-version":[{"id":302,"href":"https:\/\/soswketrzyn.pl\/index.php\/wp-json\/wp\/v2\/pages\/111\/revisions\/302"}],"wp:attachment":[{"href":"https:\/\/soswketrzyn.pl\/index.php\/wp-json\/wp\/v2\/media?parent=111"}],"curies":[{"name":"wp","href":"https:\/\/api.w.org\/{rel}","templated":true}]}}