{"id":105,"date":"2023-04-05T10:19:16","date_gmt":"2023-04-05T08:19:16","guid":{"rendered":"http:\/\/soswketrzyn.pl\/?page_id=105"},"modified":"2025-05-12T11:34:25","modified_gmt":"2025-05-12T09:34:25","slug":"szkoly","status":"publish","type":"page","link":"https:\/\/soswketrzyn.pl\/index.php\/szkoly\/","title":{"rendered":"Szko\u0142y"},"content":{"rendered":"\n<figure class=\"wp-block-image size-full\"><img loading=\"lazy\" decoding=\"async\" width=\"772\" height=\"420\" src=\"https:\/\/soswketrzyn.pl\/wp-content\/uploads\/2023\/04\/budynek-1.png\" alt=\"\" class=\"wp-image-259\" srcset=\"https:\/\/soswketrzyn.pl\/wp-content\/uploads\/2023\/04\/budynek-1.png 772w, https:\/\/soswketrzyn.pl\/wp-content\/uploads\/2023\/04\/budynek-1-300x163.png 300w, https:\/\/soswketrzyn.pl\/wp-content\/uploads\/2023\/04\/budynek-1-768x418.png 768w\" sizes=\"(max-width: 772px) 100vw, 772px\" \/><\/figure>\n\n\n\n<p>Specjalny O\u015brodek Szkolno-Wychowawczy im. \u015bw. Jana Paw\u0142a II w K\u0119trzynie jest plac\u00f3wk\u0105 o\u015bwiatow\u0105 dla dzieci i m\u0142odzie\u017cy posiadaj\u0105cych orzeczenie o potrzebie kszta\u0142cenia specjalnego ze wzgl\u0119du na niepe\u0142nosprawno\u015b\u0107. G\u0142\u00f3wnym celem plac\u00f3wki jest zapewnienie jak najlepszych warunk\u00f3w do wszechstronnego rozwoju uczni\u00f3w, na miar\u0119 ich potrzeb&nbsp; i mo\u017cliwo\u015bci. Dzieci i m\u0142odzie\u017c ucz\u0105 si\u0119, wychowuj\u0105, rozwijaj\u0105 swoje zainteresowania, zdobywaj\u0105 zaw\u00f3d.<\/p>\n\n\n\n<p><strong>G\u0142\u00f3wnym celem O\u015brodka jest wychowanie ucznia:<\/strong><\/p>\n\n\n\n<ul class=\"wp-block-list\">\n<li>samodzielnego, aktywnego, potrafi\u0105cego dokona\u0107 wyboru w\u0142a\u015bciwych warto\u015bci moralnych,<\/li>\n\n\n\n<li>dojrza\u0142ego do odpowiedzialnego pe\u0142nienia r\u00f3l spo\u0142ecznych,<\/li>\n\n\n\n<li>do samodzielnego funkcjonowania w \u015brodowisku i aktywnego uczestnictwa w \u017cyciu spo\u0142ecznym.<\/li>\n<\/ul>\n\n\n\n<p><strong>W chwili obecnej O\u015brodek tworz\u0105:<\/strong><\/p>\n\n\n\n<ul class=\"wp-block-list\">\n<li>Przedszkole Specjalne<\/li>\n\n\n\n<li>Szko\u0142a Podstawowa Specjalna<\/li>\n\n\n\n<li>Bran\u017cowa Szko\u0142a Specjalna I Stopnia, kt\u00f3rej uko\u0144czenie daje kwalifikacje do wykonywania zawodu: ogrodnika, kucharza, pracownika pomocniczego stolarza, pracownika pomocniczego obs\u0142ugi hotelowej.<\/li>\n\n\n\n<li>Specjalna Szko\u0142a Przysposabiaj\u0105ca do Pracy<\/li>\n\n\n\n<li>Internat pe\u0142ni funkcj\u0119 opieku\u0144cz\u0105 i wychowawcz\u0105. Tutaj m\u0142odzie\u017c sp\u0119dza czas\u00a0 po zaj\u0119ciach w szkole, realizuje i pog\u0142\u0119bia zainteresowania, uczy si\u0119 samodzielno\u015bci, zaradno\u015bci, utrzymania porz\u0105dku i uczestniczenia w \u017cyciu spo\u0142ecznym.<\/li>\n<\/ul>\n\n\n\n<p>W O\u015brodku uczniowie maj\u0105 zapewnion\u0105 opiek\u0119 pedagogiczn\u0105, logopedyczn\u0105&nbsp; i psychologiczn\u0105. Korzystaj\u0105 z r\u00f3\u017cnorodnych form wspomagaj\u0105cych ich rozw\u00f3j. Ucz\u0119szczaj\u0105 na zaj\u0119cia logopedyczne, korekcyjno-kompensacyjne, emocjonalno-spo\u0142eczne, muzykoterapii, gimnastyki korekcyjnej i inne.<\/p>\n\n\n\n<p>Wychowankowie anga\u017cuj\u0105 si\u0119 w przygotowanie imprez na terenie plac\u00f3wki i w mie\u015bcie, co sprawia im wiele rado\u015bci i pozwala wierzy\u0107 we w\u0142asne si\u0142y i mo\u017cliwo\u015bci.<\/p>\n","protected":false},"excerpt":{"rendered":"<p>Specjalny O\u015brodek Szkolno-Wychowawczy im. \u015bw. Jana Paw\u0142a II w K\u0119trzynie jest plac\u00f3wk\u0105 o\u015bwiatow\u0105 dla dzieci i m\u0142odzie\u017cy posiadaj\u0105cych orzeczenie o &hellip; <\/p>\n","protected":false},"author":1,"featured_media":0,"parent":0,"menu_order":0,"comment_status":"closed","ping_status":"closed","template":"","meta":{"footnotes":""},"class_list":["post-105","page","type-page","status-publish","hentry"],"_links":{"self":[{"href":"https:\/\/soswketrzyn.pl\/index.php\/wp-json\/wp\/v2\/pages\/105"}],"collection":[{"href":"https:\/\/soswketrzyn.pl\/index.php\/wp-json\/wp\/v2\/pages"}],"about":[{"href":"https:\/\/soswketrzyn.pl\/index.php\/wp-json\/wp\/v2\/types\/page"}],"author":[{"embeddable":true,"href":"https:\/\/soswketrzyn.pl\/index.php\/wp-json\/wp\/v2\/users\/1"}],"replies":[{"embeddable":true,"href":"https:\/\/soswketrzyn.pl\/index.php\/wp-json\/wp\/v2\/comments?post=105"}],"version-history":[{"count":5,"href":"https:\/\/soswketrzyn.pl\/index.php\/wp-json\/wp\/v2\/pages\/105\/revisions"}],"predecessor-version":[{"id":1205,"href":"https:\/\/soswketrzyn.pl\/index.php\/wp-json\/wp\/v2\/pages\/105\/revisions\/1205"}],"wp:attachment":[{"href":"https:\/\/soswketrzyn.pl\/index.php\/wp-json\/wp\/v2\/media?parent=105"}],"curies":[{"name":"wp","href":"https:\/\/api.w.org\/{rel}","templated":true}]}}